{"id":128,"date":"2023-01-25T19:49:29","date_gmt":"2023-01-25T23:49:29","guid":{"rendered":"https:\/\/santuariodelcorozo.com\/?page_id=128"},"modified":"2023-02-04T18:03:43","modified_gmt":"2023-02-04T22:03:43","slug":"villas-sdc","status":"publish","type":"page","link":"https:\/\/santuariodelcorozo.com\/en\/villas-sdc\/","title":{"rendered":"SDC Villas"},"content":{"rendered":"<p>[et_pb_section fb_built=\u00bb1&#8243; _builder_version=\u00bb4.19.4&#8243; _module_preset=\u00bbdefault\u00bb background_color=\u00bb#FFFFFF\u00bb min_height=\u00bb750.2px\u00bb custom_padding=\u00bb62px||62px||true|false\u00bb global_colors_info=\u00bb{}\u00bb][et_pb_row column_structure=\u00bb2_5,3_5&#8243; use_custom_gutter=\u00bbon\u00bb gutter_width=\u00bb2&#8243; make_equal=\u00bbon\u00bb _builder_version=\u00bb4.19.4&#8243; _module_preset=\u00bbdefault\u00bb width=\u00bb90%\u00bb width_tablet=\u00bb90%\u00bb width_phone=\u00bb90%\u00bb width_last_edited=\u00bbon|tablet\u00bb max_width=\u00bb1300px\u00bb max_width_tablet=\u00bb90%\u00bb max_width_phone=\u00bb90%\u00bb max_width_last_edited=\u00bbon|desktop\u00bb custom_padding=\u00bb0px||0px||true|false\u00bb global_colors_info=\u00bb{}\u00bb][et_pb_column type=\u00bb2_5&#8243; _builder_version=\u00bb4.19.4&#8243; _module_preset=\u00bbdefault\u00bb animation_style=\u00bbfade\u00bb animation_delay=\u00bb500ms\u00bb global_colors_info=\u00bb{}\u00bb][et_pb_text _builder_version=\u00bb4.19.4&#8243; _module_preset=\u00bbdefault\u00bb header_4_font=\u00bbItaliana|700|||||||\u00bb header_4_text_align=\u00bbleft\u00bb header_4_text_color=\u00bb#917900&#8243; header_4_font_size=\u00bb46px\u00bb header_4_letter_spacing=\u00bb2px\u00bb header_4_line_height=\u00bb1.2em\u00bb custom_margin=\u00bb25px||||false|false\u00bb header_4_font_size_tablet=\u00bb\u00bb header_4_font_size_phone=\u00bb35px\u00bb header_4_font_size_last_edited=\u00bbon|phone\u00bb global_colors_info=\u00bb{}\u00bb]<\/p>\n<h4><span data-token-index=\"0\" class=\"notion-enable-hover\" data-reactroot=\"\">SDC Villas<\/span><\/h4>\n<p>[\/et_pb_text][et_pb_text _builder_version=\u00bb4.19.4&#8243; _module_preset=\u00bbdefault\u00bb text_font=\u00bbRoboto Flex||||||||\u00bb text_text_color=\u00bb#000000&#8243; text_font_size=\u00bb15px\u00bb text_line_height=\u00bb1.8em\u00bb custom_margin_tablet=\u00bb-10px||||false|false\u00bb custom_margin_phone=\u00bb-10px||||false|false\u00bb custom_margin_last_edited=\u00bbon|phone\u00bb global_colors_info=\u00bb{}\u00bb]<\/p>\n<p>Designed to let the trade winds blow through your door and the sunlight warm your heart.<\/p>\n<p>For this project we have created a design where the panorama captivates the environment from any dimension, simple lines raised to be spectators of the infinite colors of the Caribbean.<\/p>\n<p>[\/et_pb_text][et_pb_blurb image=\u00bbhttps:\/\/tania.lynob.com\/wp-content\/uploads\/2023\/01\/Solares.svg\u00bb icon_placement=\u00bbleft\u00bb image_icon_width=\u00bb45px\u00bb content_max_width=\u00bb100%\u00bb _builder_version=\u00bb4.19.4&#8243; _module_preset=\u00bbdefault\u00bb body_font=\u00bbRoboto Flex||||||||\u00bb body_text_align=\u00bbleft\u00bb body_text_color=\u00bb#000000&#8243; body_font_size=\u00bb15px\u00bb body_line_height=\u00bb1.5em\u00bb custom_margin=\u00bb45px||||false|false\u00bb animation=\u00bboff\u00bb image_max_width=\u00bb45px\u00bb global_colors_info=\u00bb{}\u00bb]<\/p>\n<p>Lots of land of 1200 square meters<\/p>\n<p>[\/et_pb_blurb][et_pb_blurb image=\u00bbhttps:\/\/tania.lynob.com\/wp-content\/uploads\/2023\/01\/Eco-Moderno-villa.svg\u00bb icon_placement=\u00bbleft\u00bb image_icon_width=\u00bb45px\u00bb content_max_width=\u00bb100%\u00bb _builder_version=\u00bb4.19.4&#8243; _module_preset=\u00bbdefault\u00bb body_font=\u00bbRoboto Flex||||||||\u00bb body_text_align=\u00bbleft\u00bb body_text_color=\u00bb#000000&#8243; body_font_size=\u00bb15px\u00bb body_line_height=\u00bb1.5em\u00bb custom_margin=\u00bb45px||||false|false\u00bb animation=\u00bboff\u00bb image_max_width=\u00bb45px\u00bb global_colors_info=\u00bb{}\u00bb]<\/p>\n<p>They have an Eco Modern design, with solar energy systems included.<\/p>\n<p>[\/et_pb_blurb][et_pb_blurb image=\u00bbhttps:\/\/tania.lynob.com\/wp-content\/uploads\/2023\/01\/habitaciones-y-banos.svg\u00bb icon_placement=\u00bbleft\u00bb image_icon_width=\u00bb45px\u00bb content_max_width=\u00bb100%\u00bb _builder_version=\u00bb4.19.4&#8243; _module_preset=\u00bbdefault\u00bb body_font=\u00bbRoboto Flex||||||||\u00bb body_text_align=\u00bbleft\u00bb body_text_color=\u00bb#000000&#8243; body_font_size=\u00bb15px\u00bb body_line_height=\u00bb1.5em\u00bb custom_margin=\u00bb45px||||false|false\u00bb animation=\u00bboff\u00bb image_max_width=\u00bb45px\u00bb global_colors_info=\u00bb{}\u00bb]<\/p>\n<p>3 bedrooms and two and a half bathrooms<\/p>\n<p>[\/et_pb_blurb][et_pb_blurb image=\u00bbhttps:\/\/tania.lynob.com\/wp-content\/uploads\/2023\/01\/habitacion-de-servicio.svg\u00bb icon_placement=\u00bbleft\u00bb image_icon_width=\u00bb45px\u00bb content_max_width=\u00bb100%\u00bb _builder_version=\u00bb4.19.4&#8243; _module_preset=\u00bbdefault\u00bb body_font=\u00bbRoboto Flex||||||||\u00bb body_text_align=\u00bbleft\u00bb body_text_color=\u00bb#000000&#8243; body_font_size=\u00bb15px\u00bb body_line_height=\u00bb1.5em\u00bb custom_margin=\u00bb45px||||false|false\u00bb animation=\u00bboff\u00bb image_max_width=\u00bb45px\u00bb global_colors_info=\u00bb{}\u00bb]<\/p>\n<p>A service room with bathroom<\/p>\n<p>[\/et_pb_blurb][et_pb_blurb image=\u00bbhttps:\/\/tania.lynob.com\/wp-content\/uploads\/2023\/01\/terraza-amplia.svg\u00bb icon_placement=\u00bbleft\u00bb image_icon_width=\u00bb45px\u00bb content_max_width=\u00bb100%\u00bb _builder_version=\u00bb4.19.4&#8243; _module_preset=\u00bbdefault\u00bb body_font=\u00bbRoboto Flex||||||||\u00bb body_text_align=\u00bbleft\u00bb body_text_color=\u00bb#000000&#8243; body_font_size=\u00bb15px\u00bb body_line_height=\u00bb1.5em\u00bb custom_margin=\u00bb45px||||false|false\u00bb animation=\u00bboff\u00bb image_max_width=\u00bb45px\u00bb global_colors_info=\u00bb{}\u00bb]<\/p>\n<p>A large terrace connected to the services to enjoy the outdoors.<\/p>\n<p>[\/et_pb_blurb][\/et_pb_column][et_pb_column type=\u00bb3_5&#8243; _builder_version=\u00bb4.16&#8243; _module_preset=\u00bbdefault\u00bb global_colors_info=\u00bb{}\u00bb][et_pb_slider _builder_version=\u00bb4.19.5&#8243; _module_preset=\u00bbdefault\u00bb height=\u00bb100vh\u00bb hover_enabled=\u00bb0&#8243; global_colors_info=\u00bb{}\u00bb sticky_enabled=\u00bb0&#8243;][et_pb_slide _builder_version=\u00bb4.19.5&#8243; _module_preset=\u00bbdefault\u00bb background_image=\u00bbhttps:\/\/santuariodelcorozo.com\/wp-content\/uploads\/2023\/02\/Villa-SDC-3D-Render.webp\u00bb background_enable_image=\u00bbon\u00bb hover_enabled=\u00bb0&#8243; global_colors_info=\u00bb{}\u00bb sticky_transition=\u00bbon\u00bb sticky_enabled=\u00bb0&#8243; title_text=\u00bbVilla SDC 3D Render\u00bb][\/et_pb_slide][et_pb_slide _builder_version=\u00bb4.19.5&#8243; _module_preset=\u00bbdefault\u00bb background_image=\u00bbhttps:\/\/santuariodelcorozo.com\/wp-content\/uploads\/2023\/02\/Villa-SDC-2D-Render.webp\u00bb background_enable_image=\u00bbon\u00bb hover_enabled=\u00bb0&#8243; global_colors_info=\u00bb{}\u00bb sticky_transition=\u00bbon\u00bb sticky_enabled=\u00bb0&#8243; title_text=\u00bbVilla SDC 2D Render\u00bb][\/et_pb_slide][et_pb_slide _builder_version=\u00bb4.19.4&#8243; _module_preset=\u00bbdefault\u00bb background_image=\u00bbhttps:\/\/santuariodelcorozo.com\/wp-content\/uploads\/2023\/01\/Villa-Santuario-del-Corozo-1.webp\u00bb background_enable_image=\u00bbon\u00bb global_colors_info=\u00bb{}\u00bb sticky_transition=\u00bbon\u00bb][\/et_pb_slide][et_pb_slide _builder_version=\u00bb4.19.4&#8243; _module_preset=\u00bbdefault\u00bb background_image=\u00bbhttps:\/\/santuariodelcorozo.com\/wp-content\/uploads\/2023\/01\/Villa-Santuario-del-Corozo-2.webp\u00bb background_enable_image=\u00bbon\u00bb global_colors_info=\u00bb{}\u00bb sticky_transition=\u00bbon\u00bb][\/et_pb_slide][et_pb_slide _builder_version=\u00bb4.19.5&#8243; _module_preset=\u00bbdefault\u00bb background_image=\u00bbhttps:\/\/santuariodelcorozo.com\/wp-content\/uploads\/2023\/01\/SDC-Villas-render.webp\u00bb background_enable_image=\u00bbon\u00bb hover_enabled=\u00bb0&#8243; global_colors_info=\u00bb{}\u00bb sticky_transition=\u00bbon\u00bb sticky_enabled=\u00bb0&#8243;][\/et_pb_slide][\/et_pb_slider][\/et_pb_column][\/et_pb_row][\/et_pb_section][et_pb_section fb_built=\u00bb1&#8243; _builder_version=\u00bb4.19.4&#8243; _module_preset=\u00bbdefault\u00bb global_colors_info=\u00bb{}\u00bb][et_pb_row column_structure=\u00bb1_5,3_5,1_5&#8243; _builder_version=\u00bb4.19.4&#8243; _module_preset=\u00bbdefault\u00bb custom_padding=\u00bb||0px|||\u00bb global_colors_info=\u00bb{}\u00bb][et_pb_column type=\u00bb1_5&#8243; _builder_version=\u00bb4.19.4&#8243; _module_preset=\u00bbdefault\u00bb global_colors_info=\u00bb{}\u00bb][\/et_pb_column][et_pb_column type=\u00bb3_5&#8243; _builder_version=\u00bb4.19.4&#8243; _module_preset=\u00bbdefault\u00bb global_colors_info=\u00bb{}\u00bb][et_pb_image src=\u00bbhttps:\/\/tania.lynob.com\/wp-content\/uploads\/2023\/01\/sign_contract.svg\u00bb title_text=\u00bbsign_contract\u00bb _builder_version=\u00bb4.19.4&#8243; _module_preset=\u00bbdefault\u00bb width=\u00bb10%\u00bb width_tablet=\u00bb33%\u00bb width_phone=\u00bb48%\u00bb width_last_edited=\u00bbon|phone\u00bb module_alignment=\u00bbcenter\u00bb global_colors_info=\u00bb{}\u00bb][\/et_pb_image][et_pb_text _builder_version=\u00bb4.19.4&#8243; _module_preset=\u00bbdefault\u00bb text_font=\u00bbPoppins|600|||||||\u00bb text_text_color=\u00bb#917900&#8243; text_font_size=\u00bb40px\u00bb text_letter_spacing=\u00bb2px\u00bb text_font_size_tablet=\u00bb37px\u00bb text_font_size_phone=\u00bb23px\u00bb text_font_size_last_edited=\u00bbon|phone\u00bb global_colors_info=\u00bb{}\u00bb]<\/p>\n<p style=\"text-align: center;\"><span data-token-index=\"0\" class=\"notion-enable-hover\" data-reactroot=\"\">Reservation of Villas 10%.<\/span><\/p>\n<p>[\/et_pb_text][\/et_pb_column][et_pb_column type=\u00bb1_5&#8243; _builder_version=\u00bb4.19.4&#8243; _module_preset=\u00bbdefault\u00bb global_colors_info=\u00bb{}\u00bb][\/et_pb_column][\/et_pb_row][et_pb_row column_structure=\u00bb1_5,3_5,1_5&#8243; _builder_version=\u00bb4.19.4&#8243; _module_preset=\u00bbdefault\u00bb global_colors_info=\u00bb{}\u00bb][et_pb_column type=\u00bb1_5&#8243; _builder_version=\u00bb4.19.4&#8243; _module_preset=\u00bbdefault\u00bb global_colors_info=\u00bb{}\u00bb][\/et_pb_column][et_pb_column type=\u00bb3_5&#8243; _builder_version=\u00bb4.19.4&#8243; _module_preset=\u00bbdefault\u00bb global_colors_info=\u00bb{}\u00bb][et_pb_text _builder_version=\u00bb4.19.4&#8243; _module_preset=\u00bbdefault\u00bb text_font=\u00bbRoboto Flex||||||||\u00bb text_font_size=\u00bb18px\u00bb text_letter_spacing=\u00bb1px\u00bb global_colors_info=\u00bb{}\u00bb]<\/p>\n<p style=\"text-align: justify;\">Before signing the separation contract, it is essential to read and accept the cohabitation agreement. This will be done in a face-to-face or virtual meeting, where all the buyer's questions and concerns will be exposed. And SDC will be able to evaluate if the buyer's purposes are compatible with SDC.<\/p>\n<p>[\/et_pb_text][\/et_pb_column][et_pb_column type=\u00bb1_5&#8243; _builder_version=\u00bb4.19.4&#8243; _module_preset=\u00bbdefault\u00bb global_colors_info=\u00bb{}\u00bb][\/et_pb_column][\/et_pb_row][\/et_pb_section][et_pb_section fb_built=\u00bb1&#8243; custom_padding_last_edited=\u00bbon|phone\u00bb _builder_version=\u00bb4.19.4&#8243; _module_preset=\u00bbdefault\u00bb background_image=\u00bbhttps:\/\/santuariodelcorozo.com\/wp-content\/uploads\/2023\/01\/VILLA-SDC-Banner.webp\u00bb custom_padding=\u00bb40vh||40vh||true|false\u00bb custom_padding_tablet=\u00bb200px||200px||true|false\u00bb custom_padding_phone=\u00bb150px||150px||true|false\u00bb scroll_scaling=\u00bb0|50|50|100|100%|100|250%\u00bb global_colors_info=\u00bb{}\u00bb][et_pb_row use_custom_gutter=\u00bbon\u00bb gutter_width=\u00bb2&#8243; make_equal=\u00bbon\u00bb _builder_version=\u00bb4.16&#8243; _module_preset=\u00bbdefault\u00bb width=\u00bb90%\u00bb width_tablet=\u00bb90%\u00bb width_phone=\u00bb90%\u00bb width_last_edited=\u00bbon|tablet\u00bb max_width=\u00bb1300px\u00bb max_width_tablet=\u00bb90%\u00bb max_width_phone=\u00bb90%\u00bb max_width_last_edited=\u00bbon|desktop\u00bb custom_padding=\u00bb0px||0px||true|false\u00bb global_colors_info=\u00bb{}\u00bb][et_pb_column type=\u00bb4_4&#8243; _builder_version=\u00bb4.16&#8243; _module_preset=\u00bbdefault\u00bb global_colors_info=\u00bb{}\u00bb][et_pb_divider show_divider=\u00bboff\u00bb _builder_version=\u00bb4.16&#8243; _module_preset=\u00bbdefault\u00bb global_colors_info=\u00bb{}\u00bb][\/et_pb_divider][\/et_pb_column][\/et_pb_row][\/et_pb_section]<\/p>","protected":false},"excerpt":{"rendered":"<p>Villas SDCDise\u00f1adas para que los vientos alisios entren por tu puerta y la luz del sol caliente tu coraz\u00f3n. Para este proyecto hemos creados un dise\u00f1o donde el panorama cautiva el ambiente desde cualquier dimensi\u00f3n, l\u00edneas simples levantadas para ser \u00a0espectadoras de los infinitos colores del caribe.Solares de 1200 metros cuadradosTienen un dise\u00f1o Eco Moderno, [&hellip;]<\/p>","protected":false},"author":4,"featured_media":0,"parent":0,"menu_order":0,"comment_status":"closed","ping_status":"closed","template":"","meta":{"_et_pb_use_builder":"on","_et_pb_old_content":"","_et_gb_content_width":"","footnotes":""},"class_list":["post-128","page","type-page","status-publish","hentry"],"_links":{"self":[{"href":"https:\/\/santuariodelcorozo.com\/en\/wp-json\/wp\/v2\/pages\/128","targetHints":{"allow":["GET"]}}],"collection":[{"href":"https:\/\/santuariodelcorozo.com\/en\/wp-json\/wp\/v2\/pages"}],"about":[{"href":"https:\/\/santuariodelcorozo.com\/en\/wp-json\/wp\/v2\/types\/page"}],"author":[{"embeddable":true,"href":"https:\/\/santuariodelcorozo.com\/en\/wp-json\/wp\/v2\/users\/4"}],"replies":[{"embeddable":true,"href":"https:\/\/santuariodelcorozo.com\/en\/wp-json\/wp\/v2\/comments?post=128"}],"version-history":[{"count":3,"href":"https:\/\/santuariodelcorozo.com\/en\/wp-json\/wp\/v2\/pages\/128\/revisions"}],"predecessor-version":[{"id":272,"href":"https:\/\/santuariodelcorozo.com\/en\/wp-json\/wp\/v2\/pages\/128\/revisions\/272"}],"wp:attachment":[{"href":"https:\/\/santuariodelcorozo.com\/en\/wp-json\/wp\/v2\/media?parent=128"}],"curies":[{"name":"wp","href":"https:\/\/api.w.org\/{rel}","templated":true}]}}