{"id":173,"date":"2023-01-25T23:28:27","date_gmt":"2023-01-26T03:28:27","guid":{"rendered":"https:\/\/santuariodelcorozo.com\/?page_id=173"},"modified":"2023-02-09T10:40:29","modified_gmt":"2023-02-09T14:40:29","slug":"laura-alvarez","status":"publish","type":"page","link":"https:\/\/santuariodelcorozo.com\/en\/laura-alvarez\/","title":{"rendered":"Laura \u00c1lvarez"},"content":{"rendered":"<p>[et_pb_section fb_built=\u00bb1&#8243; make_equal=\u00bbon\u00bb use_custom_gutter=\u00bbon\u00bb gutter_width=\u00bb2&#8243; specialty=\u00bbon\u00bb _builder_version=\u00bb4.19.4&#8243; inner_width_tablet=\u00bb90%\u00bb inner_width_phone=\u00bb90%\u00bb inner_width_last_edited=\u00bboff|desktop\u00bb inner_max_width_tablet=\u00bb90%\u00bb inner_max_width_phone=\u00bb90%\u00bb inner_max_width_last_edited=\u00bboff|desktop\u00bb custom_margin=\u00bb||-109px|||\u00bb custom_padding=\u00bb90px||70px||false|\u00bb global_colors_info=\u00bb{}\u00bb][et_pb_column type=\u00bb1_2&#8243; _builder_version=\u00bb4.16&#8243; custom_padding=\u00bb|||\u00bb global_colors_info=\u00bb{}\u00bb custom_padding__hover=\u00bb|||\u00bb][et_pb_image src=\u00bbhttps:\/\/santuariodelcorozo.com\/wp-content\/uploads\/2023\/01\/Laura-Foto-bio-and-info.webp\u00bb title_text=\u00bbLaura Foto bio and info\u00bb _builder_version=\u00bb4.19.4&#8243; max_width=\u00bb530px\u00bb custom_margin=\u00bb|||21px\u00bb box_shadow_style=\u00bbpreset1&#8243; box_shadow_horizontal=\u00bb-60px\u00bb box_shadow_vertical=\u00bb-60px\u00bb box_shadow_blur=\u00bb0px\u00bb box_shadow_spread=\u00bb-40px\u00bb box_shadow_color=\u00bb#C3C3C3&#8243; global_colors_info=\u00bb{}\u00bb][\/et_pb_image][\/et_pb_column][et_pb_column type=\u00bb1_2&#8243; specialty_columns=\u00bb2&#8243; _builder_version=\u00bb4.16&#8243; custom_padding=\u00bb|||\u00bb global_colors_info=\u00bb{}\u00bb custom_padding__hover=\u00bb|||\u00bb][et_pb_row_inner use_custom_gutter=\u00bbon\u00bb gutter_width=\u00bb2&#8243; make_equal=\u00bbon\u00bb _builder_version=\u00bb4.16&#8243; custom_margin=\u00bb|||30px\u00bb custom_margin_tablet=\u00bb|||0px\u00bb custom_margin_phone=\u00bb|||0px\u00bb custom_margin_last_edited=\u00bbon|desktop\u00bb custom_padding=\u00bb75px||19px|||\u00bb global_colors_info=\u00bb{}\u00bb][et_pb_column_inner saved_specialty_column_type=\u00bb1_2&#8243; _builder_version=\u00bb4.16&#8243; global_colors_info=\u00bb{}\u00bb][et_pb_text _builder_version=\u00bb4.19.4&#8243; text_font=\u00bbItaliana|700|||||||\u00bb text_text_color=\u00bb#917900&#8243; text_font_size=\u00bb16px\u00bb text_letter_spacing=\u00bb2px\u00bb text_line_height=\u00bb1.3em\u00bb global_colors_info=\u00bb{}\u00bb]<\/p>\n<p>CO-FOUNDER<\/p>\n<p>[\/et_pb_text][et_pb_text _builder_version=\u00bb4.19.4&#8243; text_font=\u00bb||||||||\u00bb header_font=\u00bbPoppins|700|||||||\u00bb header_text_color=\u00bb#1e2227&#8243; header_font_size=\u00bb35px\u00bb header_line_height=\u00bb1.4em\u00bb custom_margin=\u00bb-7px||\u00bb custom_margin_tablet=\u00bb-15px||\u00bb custom_margin_phone=\u00bb-15px||\u00bb custom_margin_last_edited=\u00bbon|desktop\u00bb custom_padding=\u00bb0px||\u00bb header_font_size_tablet=\u00bb\u00bb header_font_size_phone=\u00bb25px\u00bb header_font_size_last_edited=\u00bbon|desktop\u00bb global_colors_info=\u00bb{}\u00bb]<\/p>\n<h1><span data-token-index=\"0\" class=\"notion-enable-hover\" data-reactroot=\"\">Laura \u00c1lvarez<\/span><\/h1>\n<p>[\/et_pb_text][et_pb_text _builder_version=\u00bb4.19.5&#8243; text_font=\u00bbRoboto Flex||||||||\u00bb text_text_color=\u00bb#525558&#8243; text_font_size=\u00bb15px\u00bb text_line_height=\u00bb1.8em\u00bb custom_padding=\u00bb0px||\u00bb global_colors_info=\u00bb{}\u00bb]<\/p>\n<p>In a magical place, surrounded by the greenery of nature, overlooking the blue Atlantic Ocean and the serenity of the mountain breezes, we designed the project \"Santuario del Corozo\".<\/p>\n<p><span>\u201c<\/span>Unique not only for the perfection of its location, but also for its conception from the beginning of creating an exclusive, fresh project, respectful of its surroundings and at the same time with a touch of luxury and comfort.<\/p>\n<p>Respecting the slope of the land, we designed villas and bungalows that are the ideal space for panoramic views of our beloved North Coast. In a space that seeks to adapt to its location and open the exterior to the interior of the houses.<\/p>\n<p>Santuario del Corozo is not only an architectural design, it is a lifestyle. Freshness, calm, quality, integrity, green, harmony, peace .... These are just some of the words that describe it. This is undoubtedly a special place.<span>\u201d<\/span><\/p>\n<p>Graduated in architecture at the Universidad Pontifica Universidad Cat\u00f3lica Madre y Maestra. Santiago Campus. R.D. 2012. Master in advanced architecture, landscaping, urbanism and design. Polytechnic University of Valencia, Spain. 2015. Master in integrated management of construction projects. Polytechnic University, Valencia 2016. He has stood out for the subtle and attractive interior design that together with his mother have made from his company XH Habitat Design.<\/p>\n<p>[\/et_pb_text][\/et_pb_column_inner][\/et_pb_row_inner][\/et_pb_column][\/et_pb_section][et_pb_section fb_built=\u00bb1&#8243; _builder_version=\u00bb4.19.4&#8243; _module_preset=\u00bbdefault\u00bb global_colors_info=\u00bb{}\u00bb][et_pb_row column_structure=\u00bb1_4,1_4,1_4,1_4&#8243; _builder_version=\u00bb4.19.4&#8243; _module_preset=\u00bbdefault\u00bb global_colors_info=\u00bb{}\u00bb][et_pb_column type=\u00bb1_4&#8243; _builder_version=\u00bb4.19.4&#8243; _module_preset=\u00bbdefault\u00bb global_colors_info=\u00bb{}\u00bb][et_pb_blurb title=\u00bbCofundadora\u00bb image=\u00bbhttps:\/\/tania.lynob.com\/wp-content\/uploads\/2023\/01\/Cofundador-a.svg\u00bb icon_placement=\u00bbleft\u00bb image_icon_width=\u00bb40px\u00bb content_max_width=\u00bb100%\u00bb _builder_version=\u00bb4.19.4&#8243; header_font=\u00bbPoppins|700|||||||\u00bb header_text_color=\u00bb#000000&#8243; header_font_size=\u00bb17px\u00bb header_line_height=\u00bb2.3em\u00bb custom_padding=\u00bb|||30px\u00bb custom_padding_tablet=\u00bb|||0px\u00bb custom_padding_phone=\u00bb|||0px\u00bb custom_padding_last_edited=\u00bbon|desktop\u00bb animation=\u00bboff\u00bb link_option_url=\u00bb#\u00bb image_max_width=\u00bb40px\u00bb global_colors_info=\u00bb{}\u00bb header_text_color__hover_enabled=\u00bboff|desktop\u00bb header_text_color__hover=\u00bb#ffba00&#8243;][\/et_pb_blurb][\/et_pb_column][et_pb_column type=\u00bb1_4&#8243; _builder_version=\u00bb4.19.4&#8243; _module_preset=\u00bbdefault\u00bb global_colors_info=\u00bb{}\u00bb][et_pb_blurb title=\u00bbArquitecta\u00bb image=\u00bbhttps:\/\/tania.lynob.com\/wp-content\/uploads\/2023\/01\/Arquitecta.svg\u00bb icon_placement=\u00bbleft\u00bb image_icon_width=\u00bb40px\u00bb content_max_width=\u00bb100%\u00bb _builder_version=\u00bb4.19.4&#8243; header_font=\u00bbPoppins|700|||||||\u00bb header_text_color=\u00bb#000000&#8243; header_font_size=\u00bb16px\u00bb header_line_height=\u00bb2.3em\u00bb custom_padding=\u00bb|||30px\u00bb custom_padding_tablet=\u00bb|||0px\u00bb custom_padding_phone=\u00bb|||0px\u00bb custom_padding_last_edited=\u00bbon|desktop\u00bb animation=\u00bboff\u00bb link_option_url=\u00bb#\u00bb image_max_width=\u00bb40px\u00bb global_colors_info=\u00bb{}\u00bb header_text_color__hover_enabled=\u00bboff|desktop\u00bb header_text_color__hover=\u00bb#ffba00&#8243;][\/et_pb_blurb][\/et_pb_column][et_pb_column type=\u00bb1_4&#8243; _builder_version=\u00bb4.19.4&#8243; _module_preset=\u00bbdefault\u00bb global_colors_info=\u00bb{}\u00bb][et_pb_blurb title=\u00bbPaisajista \u00bb image=\u00bbhttps:\/\/tania.lynob.com\/wp-content\/uploads\/2023\/01\/paisajista.svg\u00bb icon_placement=\u00bbleft\u00bb image_icon_width=\u00bb40px\u00bb content_max_width=\u00bb100%\u00bb _builder_version=\u00bb4.19.4&#8243; header_font=\u00bbPoppins|700|||||||\u00bb header_text_color=\u00bb#000000&#8243; header_font_size=\u00bb17px\u00bb header_line_height=\u00bb2.3em\u00bb custom_padding=\u00bb|||30px\u00bb custom_padding_tablet=\u00bb|||0px\u00bb custom_padding_phone=\u00bb|||0px\u00bb custom_padding_last_edited=\u00bbon|desktop\u00bb animation=\u00bboff\u00bb link_option_url=\u00bb#\u00bb image_max_width=\u00bb40px\u00bb global_colors_info=\u00bb{}\u00bb header_text_color__hover_enabled=\u00bboff|desktop\u00bb header_text_color__hover=\u00bb#ffba00&#8243;][\/et_pb_blurb][\/et_pb_column][et_pb_column type=\u00bb1_4&#8243; _builder_version=\u00bb4.19.4&#8243; _module_preset=\u00bbdefault\u00bb global_colors_info=\u00bb{}\u00bb][et_pb_blurb title=\u00bbInteriorista\u00bb image=\u00bbhttps:\/\/tania.lynob.com\/wp-content\/uploads\/2023\/01\/interiorista.svg\u00bb icon_placement=\u00bbleft\u00bb image_icon_width=\u00bb40px\u00bb content_max_width=\u00bb100%\u00bb _builder_version=\u00bb4.19.4&#8243; header_font=\u00bbPoppins|700|||||||\u00bb header_text_color=\u00bb#000000&#8243; header_font_size=\u00bb17px\u00bb header_line_height=\u00bb2.3em\u00bb custom_padding=\u00bb|||30px\u00bb custom_padding_tablet=\u00bb|||0px\u00bb custom_padding_phone=\u00bb|||0px\u00bb custom_padding_last_edited=\u00bbon|desktop\u00bb animation=\u00bboff\u00bb link_option_url=\u00bb#\u00bb image_max_width=\u00bb40px\u00bb global_colors_info=\u00bb{}\u00bb header_text_color__hover_enabled=\u00bboff|desktop\u00bb header_text_color__hover=\u00bb#ffba00&#8243;][\/et_pb_blurb][\/et_pb_column][\/et_pb_row][\/et_pb_section]<\/p>","protected":false},"excerpt":{"rendered":"<p>CO-FUNDADORALaura \u00c1lvarezEn \u00a0un lugar m\u00e1gico, rodeado del verde de la naturaleza, con vista al azul del mar Atl\u00e1ntico y la serenidad de las brisas de las monta\u00f1as, dise\u00f1amos el proyecto \u201c Santuario del Corozo.\u201d \u201c\u00danico no solo por la perfecci\u00f3n de su emplazamiento, sino por su concepci\u00f3n desde el inicio de crear un proyecto exclusivo, [&hellip;]<\/p>","protected":false},"author":4,"featured_media":0,"parent":0,"menu_order":0,"comment_status":"closed","ping_status":"closed","template":"","meta":{"_et_pb_use_builder":"on","_et_pb_old_content":"","_et_gb_content_width":"","footnotes":""},"class_list":["post-173","page","type-page","status-publish","hentry"],"_links":{"self":[{"href":"https:\/\/santuariodelcorozo.com\/en\/wp-json\/wp\/v2\/pages\/173","targetHints":{"allow":["GET"]}}],"collection":[{"href":"https:\/\/santuariodelcorozo.com\/en\/wp-json\/wp\/v2\/pages"}],"about":[{"href":"https:\/\/santuariodelcorozo.com\/en\/wp-json\/wp\/v2\/types\/page"}],"author":[{"embeddable":true,"href":"https:\/\/santuariodelcorozo.com\/en\/wp-json\/wp\/v2\/users\/4"}],"replies":[{"embeddable":true,"href":"https:\/\/santuariodelcorozo.com\/en\/wp-json\/wp\/v2\/comments?post=173"}],"version-history":[{"count":4,"href":"https:\/\/santuariodelcorozo.com\/en\/wp-json\/wp\/v2\/pages\/173\/revisions"}],"predecessor-version":[{"id":315,"href":"https:\/\/santuariodelcorozo.com\/en\/wp-json\/wp\/v2\/pages\/173\/revisions\/315"}],"wp:attachment":[{"href":"https:\/\/santuariodelcorozo.com\/en\/wp-json\/wp\/v2\/media?parent=173"}],"curies":[{"name":"wp","href":"https:\/\/api.w.org\/{rel}","templated":true}]}}