{"id":177,"date":"2023-01-25T23:29:12","date_gmt":"2023-01-26T03:29:12","guid":{"rendered":"https:\/\/santuariodelcorozo.com\/?page_id=177"},"modified":"2023-02-09T10:40:56","modified_gmt":"2023-02-09T14:40:56","slug":"luis-mata-messon","status":"publish","type":"page","link":"https:\/\/santuariodelcorozo.com\/en\/luis-mata-messon\/","title":{"rendered":"Luis Mata Messon"},"content":{"rendered":"<p>[et_pb_section fb_built=\u00bb1&#8243; make_equal=\u00bbon\u00bb use_custom_gutter=\u00bbon\u00bb gutter_width=\u00bb2&#8243; specialty=\u00bbon\u00bb _builder_version=\u00bb4.19.4&#8243; inner_width_tablet=\u00bb90%\u00bb inner_width_phone=\u00bb90%\u00bb inner_width_last_edited=\u00bboff|desktop\u00bb inner_max_width_tablet=\u00bb90%\u00bb inner_max_width_phone=\u00bb90%\u00bb inner_max_width_last_edited=\u00bboff|desktop\u00bb custom_margin=\u00bb||-109px|||\u00bb custom_padding=\u00bb90px||70px||false|\u00bb global_colors_info=\u00bb{}\u00bb][et_pb_column type=\u00bb1_2&#8243; _builder_version=\u00bb4.16&#8243; custom_padding=\u00bb|||\u00bb global_colors_info=\u00bb{}\u00bb custom_padding__hover=\u00bb|||\u00bb][et_pb_image src=\u00bbhttps:\/\/santuariodelcorozo.com\/wp-content\/uploads\/2023\/01\/Luis-Mata-Messon-Bio.webp\u00bb title_text=\u00bbLuis Mata Messon Bio\u00bb _builder_version=\u00bb4.19.4&#8243; max_width=\u00bb530px\u00bb custom_margin=\u00bb|||21px\u00bb box_shadow_style=\u00bbpreset1&#8243; box_shadow_horizontal=\u00bb-60px\u00bb box_shadow_vertical=\u00bb-60px\u00bb box_shadow_blur=\u00bb0px\u00bb box_shadow_spread=\u00bb-40px\u00bb box_shadow_color=\u00bb#C3C3C3&#8243; global_colors_info=\u00bb{}\u00bb][\/et_pb_image][\/et_pb_column][et_pb_column type=\u00bb1_2&#8243; specialty_columns=\u00bb2&#8243; _builder_version=\u00bb4.16&#8243; custom_padding=\u00bb|||\u00bb global_colors_info=\u00bb{}\u00bb custom_padding__hover=\u00bb|||\u00bb][et_pb_row_inner use_custom_gutter=\u00bbon\u00bb gutter_width=\u00bb2&#8243; make_equal=\u00bbon\u00bb _builder_version=\u00bb4.19.4&#8243; custom_margin=\u00bb|||30px\u00bb custom_margin_tablet=\u00bb|||0px\u00bb custom_margin_phone=\u00bb|||0px\u00bb custom_margin_last_edited=\u00bbon|desktop\u00bb custom_padding=\u00bb75px||19px|||\u00bb global_colors_info=\u00bb{}\u00bb][et_pb_column_inner saved_specialty_column_type=\u00bb1_2&#8243; _builder_version=\u00bb4.16&#8243; global_colors_info=\u00bb{}\u00bb][et_pb_text _builder_version=\u00bb4.19.4&#8243; text_font=\u00bbItaliana|700|||||||\u00bb text_text_color=\u00bb#917900&#8243; text_font_size=\u00bb16px\u00bb text_letter_spacing=\u00bb2px\u00bb text_line_height=\u00bb1.3em\u00bb global_colors_info=\u00bb{}\u00bb]<\/p>\n<p>CO-FOUNDER<\/p>\n<p>[\/et_pb_text][et_pb_text _builder_version=\u00bb4.19.4&#8243; text_font=\u00bb||||||||\u00bb header_font=\u00bbPoppins|700|||||||\u00bb header_text_color=\u00bb#1e2227&#8243; header_font_size=\u00bb35px\u00bb header_line_height=\u00bb1.4em\u00bb custom_margin=\u00bb-7px||\u00bb custom_margin_tablet=\u00bb-15px||\u00bb custom_margin_phone=\u00bb-15px||\u00bb custom_margin_last_edited=\u00bbon|desktop\u00bb custom_padding=\u00bb0px||\u00bb header_font_size_tablet=\u00bb\u00bb header_font_size_phone=\u00bb25px\u00bb header_font_size_last_edited=\u00bbon|desktop\u00bb global_colors_info=\u00bb{}\u00bb]<\/p>\n<h1><span data-token-index=\"0\" class=\"notion-enable-hover\" data-reactroot=\"\">Luis Mata Messon<\/span><\/h1>\n<p>[\/et_pb_text][et_pb_text _builder_version=\u00bb4.19.5&#8243; text_font=\u00bbRoboto Flex||||||||\u00bb text_text_color=\u00bb#525558&#8243; text_font_size=\u00bb15px\u00bb text_line_height=\u00bb1.8em\u00bb custom_padding=\u00bb0px||\u00bb global_colors_info=\u00bb{}\u00bb]<\/p>\n<p><span>\u201c<\/span>I have many memories of this piece of land, of all my father's children I was the one who always went up with him to work on the farm. Here I learned to drive, to ride a horse, I know all the land around; this piece is the fruit of my parents' work and the part that my mother received when they separated. The great thing about this is that she was able to keep her property, and by keeping it now another generation has it, which is you. The first ranch we make will be called Alicia, in honor of her, my mother.<span>\u201d<\/span><\/p>\n<p>[\/et_pb_text][\/et_pb_column_inner][\/et_pb_row_inner][\/et_pb_column][\/et_pb_section][et_pb_section fb_built=\u00bb1&#8243; _builder_version=\u00bb4.19.4&#8243; _module_preset=\u00bbdefault\u00bb global_colors_info=\u00bb{}\u00bb][et_pb_row column_structure=\u00bb1_2,1_2&#8243; _builder_version=\u00bb4.19.4&#8243; _module_preset=\u00bbdefault\u00bb global_colors_info=\u00bb{}\u00bb][et_pb_column type=\u00bb1_2&#8243; _builder_version=\u00bb4.19.4&#8243; _module_preset=\u00bbdefault\u00bb global_colors_info=\u00bb{}\u00bb][et_pb_blurb title=\u00bbCofundador\u00bb image=\u00bbhttps:\/\/tania.lynob.com\/wp-content\/uploads\/2023\/01\/Cofundador-a.svg\u00bb icon_placement=\u00bbleft\u00bb image_icon_width=\u00bb40px\u00bb content_max_width=\u00bb100%\u00bb _builder_version=\u00bb4.19.5&#8243; header_font=\u00bbPoppins|700|||||||\u00bb header_text_color=\u00bb#000000&#8243; header_font_size=\u00bb17px\u00bb header_line_height=\u00bb2.3em\u00bb custom_padding=\u00bb|||30px\u00bb custom_padding_tablet=\u00bb|||0px\u00bb custom_padding_phone=\u00bb|||0px\u00bb custom_padding_last_edited=\u00bbon|desktop\u00bb animation=\u00bboff\u00bb link_option_url=\u00bb#\u00bb image_max_width=\u00bb40px\u00bb global_colors_info=\u00bb{}\u00bb header_text_color__hover_enabled=\u00bboff|desktop\u00bb header_text_color__hover=\u00bb#ffba00&#8243;][\/et_pb_blurb][\/et_pb_column][et_pb_column type=\u00bb1_2&#8243; _builder_version=\u00bb4.19.4&#8243; _module_preset=\u00bbdefault\u00bb global_colors_info=\u00bb{}\u00bb][et_pb_blurb title=\u00bbAsesor\u00bb image=\u00bbhttps:\/\/tania.lynob.com\/wp-content\/uploads\/2023\/01\/asesor.svg\u00bb icon_placement=\u00bbleft\u00bb image_icon_width=\u00bb40px\u00bb content_max_width=\u00bb100%\u00bb _builder_version=\u00bb4.19.4&#8243; header_font=\u00bbPoppins|700|||||||\u00bb header_text_color=\u00bb#000000&#8243; header_font_size=\u00bb16px\u00bb header_line_height=\u00bb2.3em\u00bb custom_padding=\u00bb|||30px\u00bb custom_padding_tablet=\u00bb|||0px\u00bb custom_padding_phone=\u00bb|||0px\u00bb custom_padding_last_edited=\u00bbon|desktop\u00bb animation=\u00bboff\u00bb link_option_url=\u00bb#\u00bb image_max_width=\u00bb40px\u00bb global_colors_info=\u00bb{}\u00bb header_text_color__hover_enabled=\u00bboff|desktop\u00bb header_text_color__hover=\u00bb#ffba00&#8243;][\/et_pb_blurb][\/et_pb_column][\/et_pb_row][\/et_pb_section]<\/p>","protected":false},"excerpt":{"rendered":"<p>CO-FUNDADORLuis Mata Messon\u201cTengo muchos recuerdos de este pedazo, de todos los hijos de mi padre yo era el que siempre sub\u00eda con el a trabajar en la finca. Aqu\u00ed aprend\u00ed a manejar, a montar a caballo, conozco todas las tierras alrededor; este pedazo es fruto del trabajo de mis padres y la parte que mi [&hellip;]<\/p>","protected":false},"author":4,"featured_media":0,"parent":0,"menu_order":0,"comment_status":"closed","ping_status":"closed","template":"","meta":{"_et_pb_use_builder":"on","_et_pb_old_content":"","_et_gb_content_width":"","footnotes":""},"class_list":["post-177","page","type-page","status-publish","hentry"],"_links":{"self":[{"href":"https:\/\/santuariodelcorozo.com\/en\/wp-json\/wp\/v2\/pages\/177","targetHints":{"allow":["GET"]}}],"collection":[{"href":"https:\/\/santuariodelcorozo.com\/en\/wp-json\/wp\/v2\/pages"}],"about":[{"href":"https:\/\/santuariodelcorozo.com\/en\/wp-json\/wp\/v2\/types\/page"}],"author":[{"embeddable":true,"href":"https:\/\/santuariodelcorozo.com\/en\/wp-json\/wp\/v2\/users\/4"}],"replies":[{"embeddable":true,"href":"https:\/\/santuariodelcorozo.com\/en\/wp-json\/wp\/v2\/comments?post=177"}],"version-history":[{"count":5,"href":"https:\/\/santuariodelcorozo.com\/en\/wp-json\/wp\/v2\/pages\/177\/revisions"}],"predecessor-version":[{"id":316,"href":"https:\/\/santuariodelcorozo.com\/en\/wp-json\/wp\/v2\/pages\/177\/revisions\/316"}],"wp:attachment":[{"href":"https:\/\/santuariodelcorozo.com\/en\/wp-json\/wp\/v2\/media?parent=177"}],"curies":[{"name":"wp","href":"https:\/\/api.w.org\/{rel}","templated":true}]}}