{"id":187,"date":"2023-01-25T23:36:55","date_gmt":"2023-01-26T03:36:55","guid":{"rendered":"https:\/\/santuariodelcorozo.com\/?page_id=187"},"modified":"2023-02-14T15:47:13","modified_gmt":"2023-02-14T19:47:13","slug":"asesoria-legal","status":"publish","type":"page","link":"https:\/\/santuariodelcorozo.com\/en\/asesoria-legal\/","title":{"rendered":"Legal Counsel"},"content":{"rendered":"<p>[et_pb_section fb_built=\u00bb1&#8243; custom_padding_last_edited=\u00bbon|phone\u00bb _builder_version=\u00bb4.19.4&#8243; _module_preset=\u00bbdefault\u00bb use_background_color_gradient=\u00bbon\u00bb background_color_gradient_stops=\u00bbrgba(0,0,0,0.26) 0%|rgba(0,0,0,0.26) 100%\u00bb background_color_gradient_overlays_image=\u00bbon\u00bb background_color_gradient_start=\u00bbrgba(0,0,0,0.27)\u00bb background_color_gradient_end=\u00bbrgba(0,0,0,0.27)\u00bb background_image=\u00bbhttps:\/\/santuariodelcorozo.com\/wp-content\/uploads\/2023\/01\/asesoria-legal-sdc-banner-web.webp\u00bb custom_padding=\u00bb30vh||30vh||true|false\u00bb custom_padding_tablet=\u00bb20vh||20vh||true|false\u00bb custom_padding_phone=\u00bb15vh||15vh||true|false\u00bb global_colors_info=\u00bb{}\u00bb][et_pb_row column_structure=\u00bb3_5,1_5,1_5&#8243; use_custom_gutter=\u00bbon\u00bb gutter_width=\u00bb2&#8243; make_equal=\u00bbon\u00bb _builder_version=\u00bb4.19.4&#8243; _module_preset=\u00bbdefault\u00bb width=\u00bb90%\u00bb width_tablet=\u00bb90%\u00bb width_phone=\u00bb90%\u00bb width_last_edited=\u00bbon|tablet\u00bb max_width=\u00bb1280px\u00bb max_width_tablet=\u00bb90%\u00bb max_width_phone=\u00bb90%\u00bb max_width_last_edited=\u00bbon|desktop\u00bb custom_padding=\u00bb0px||0px||true|false\u00bb animation_style=\u00bbslide\u00bb animation_direction=\u00bbbottom\u00bb global_colors_info=\u00bb{}\u00bb][et_pb_column type=\u00bb3_5&#8243; _builder_version=\u00bb4.16&#8243; _module_preset=\u00bbdefault\u00bb global_colors_info=\u00bb{}\u00bb][et_pb_text _builder_version=\u00bb4.19.4&#8243; _module_preset=\u00bbdefault\u00bb text_font=\u00bbItaliana|700|||||||\u00bb text_text_color=\u00bb#FFFFFF\u00bb text_font_size=\u00bb27.8px\u00bb text_letter_spacing=\u00bb3px\u00bb text_line_height=\u00bb1em\u00bb global_colors_info=\u00bb{}\u00bb]<\/p>\n<p><span data-token-index=\"0\" class=\"notion-enable-hover\" data-reactroot=\"\">Legal Counsel<\/span><\/p>\n<p>[\/et_pb_text][et_pb_text _builder_version=\u00bb4.19.4&#8243; _module_preset=\u00bbdefault\u00bb header_font=\u00bbPoppins||||||||\u00bb header_text_align=\u00bbleft\u00bb header_text_color=\u00bb#FFFFFF\u00bb header_font_size=\u00bb60px\u00bb header_line_height=\u00bb1.2em\u00bb custom_margin=\u00bb-5px||||false|false\u00bb custom_margin_tablet=\u00bb-15px||||false|false\u00bb custom_margin_phone=\u00bb-15px||||false|false\u00bb custom_margin_last_edited=\u00bbon|phone\u00bb header_font_size_tablet=\u00bb55px\u00bb header_font_size_phone=\u00bb40px\u00bb header_font_size_last_edited=\u00bbon|phone\u00bb global_colors_info=\u00bb{}\u00bb]<\/p>\n<h1>Do you want to settle in the Dominican Republic?<\/h1>\n<p>[\/et_pb_text][\/et_pb_column][et_pb_column type=\u00bb1_5&#8243; _builder_version=\u00bb4.16&#8243; _module_preset=\u00bbdefault\u00bb global_colors_info=\u00bb{}\u00bb][\/et_pb_column][et_pb_column type=\u00bb1_5&#8243; _builder_version=\u00bb4.16&#8243; _module_preset=\u00bbdefault\u00bb global_colors_info=\u00bb{}\u00bb][\/et_pb_column][\/et_pb_row][\/et_pb_section][et_pb_section fb_built=\u00bb1&#8243; make_equal=\u00bbon\u00bb use_custom_gutter=\u00bbon\u00bb gutter_width=\u00bb1&#8243; specialty=\u00bbon\u00bb background_color_2=\u00bb#005448&#8243; bg_img_1=\u00bbhttps:\/\/santuariodelcorozo.com\/wp-content\/uploads\/2023\/01\/Somos-un-pais-con-excelentes-playas-en-puerto-plata.webp\u00bb padding_top_1=\u00bb0px\u00bb padding_top_2=\u00bb15vh\u00bb padding_right_2=\u00bb15vh\u00bb padding_bottom_1=\u00bb0px\u00bb padding_bottom_2=\u00bb15vh\u00bb padding_left_2=\u00bb15vh\u00bb padding_top_bottom_link_1=\u00bbtrue\u00bb padding_top_bottom_link_2=\u00bbtrue\u00bb padding_left_right_link_1=\u00bbfalse\u00bb padding_left_right_link_2=\u00bbtrue\u00bb padding_2_tablet=\u00bb100px|100px|100px|100px|true|true\u00bb padding_2_phone=\u00bb100px|30px|100px|30px|true|true\u00bb padding_2_last_edited=\u00bbon|phone\u00bb _builder_version=\u00bb4.19.4&#8243; _module_preset=\u00bbdefault\u00bb inner_width=\u00bb100%\u00bb inner_max_width=\u00bb100%\u00bb custom_padding=\u00bb0px||0px||true|false\u00bb animation_style=\u00bbzoom\u00bb animation_delay=\u00bb500ms\u00bb global_colors_info=\u00bb{}\u00bb][et_pb_column type=\u00bb1_2&#8243; _builder_version=\u00bb4.16&#8243; custom_padding=\u00bb|||\u00bb global_colors_info=\u00bb{}\u00bb custom_padding__hover=\u00bb|||\u00bb][et_pb_divider show_divider=\u00bboff\u00bb _builder_version=\u00bb4.16&#8243; _module_preset=\u00bbdefault\u00bb custom_padding_tablet=\u00bb40%||40%||true|false\u00bb custom_padding_phone=\u00bb50%||50%||true|false\u00bb custom_padding_last_edited=\u00bbon|phone\u00bb global_colors_info=\u00bb{}\u00bb][\/et_pb_divider][\/et_pb_column][et_pb_column type=\u00bb1_2&#8243; specialty_columns=\u00bb2&#8243; _builder_version=\u00bb4.16&#8243; custom_padding=\u00bb|||\u00bb global_colors_info=\u00bb{}\u00bb custom_padding__hover=\u00bb|||\u00bb][et_pb_row_inner _builder_version=\u00bb4.19.4&#8243; _module_preset=\u00bbdefault\u00bb custom_padding=\u00bb0px||35px||false|false\u00bb border_color_bottom=\u00bb#48494b\u00bb global_colors_info=\u00bb{}\u00bb][et_pb_column_inner saved_specialty_column_type=\u00bb1_2&#8243; _builder_version=\u00bb4.19.4&#8243; _module_preset=\u00bbdefault\u00bb global_colors_info=\u00bb{}\u00bb][et_pb_text _builder_version=\u00bb4.19.4&#8243; _module_preset=\u00bbdefault\u00bb header_3_font=\u00bbPoppins||||||||\u00bb header_3_text_color=\u00bb#FFFFFF\u00bb header_3_font_size=\u00bb39px\u00bb header_3_line_height=\u00bb1.3em\u00bb max_width=\u00bb656px\u00bb module_alignment=\u00bbleft\u00bb custom_margin=\u00bb35px||||false|false\u00bb header_3_font_size_tablet=\u00bb\u00bb header_3_font_size_phone=\u00bb30px\u00bb header_3_font_size_last_edited=\u00bbon|phone\u00bb global_colors_info=\u00bb{}\u00bb]<\/p>\n<h3>We are a country with excellent and easy processes<\/h3>\n<p>[\/et_pb_text][et_pb_text _builder_version=\u00bb4.19.4&#8243; _module_preset=\u00bbdefault\u00bb text_font=\u00bbRoboto Flex||||||||\u00bb text_text_color=\u00bb#FFFFFF\u00bb text_font_size=\u00bb17px\u00bb text_line_height=\u00bb1.8em\u00bb max_width=\u00bb559px\u00bb module_alignment=\u00bbleft\u00bb custom_margin=\u00bb10px||||false|false\u00bb global_colors_info=\u00bb{}\u00bb]<\/p>\n<p>For residency and living on the island of merengue. The north coast offers you security, international airport, international medical centers and a hospitable community with whom you want to share.<\/p>\n<p>[\/et_pb_text][\/et_pb_column_inner][\/et_pb_row_inner][\/et_pb_column][\/et_pb_section][et_pb_section fb_built=\u00bb1&#8243; _builder_version=\u00bb4.16&#8243; _module_preset=\u00bbdefault\u00bb custom_padding=\u00bb0px||0px||true|false\u00bb global_colors_info=\u00bb{}\u00bb][et_pb_row column_structure=\u00bb1_2,1_2&#8243; use_custom_gutter=\u00bbon\u00bb gutter_width=\u00bb1&#8243; make_equal=\u00bbon\u00bb _builder_version=\u00bb4.19.5&#8243; _module_preset=\u00bbdefault\u00bb width=\u00bb100%\u00bb max_width=\u00bb100%\u00bb custom_margin_tablet=\u00bb10px||||false|false\u00bb custom_margin_phone=\u00bb10px||||false|false\u00bb custom_margin_last_edited=\u00bbon|phone\u00bb custom_padding=\u00bb0px||0px||true|false\u00bb pac_drh_enable_stacking=\u00bbpac_drh_stack_row pac_drh_stack_tab_mob\u00bb global_colors_info=\u00bb{}\u00bb][et_pb_column type=\u00bb1_2&#8243; _builder_version=\u00bb4.19.5&#8243; _module_preset=\u00bbdefault\u00bb background_color=\u00bb#005448&#8243; custom_padding=\u00bb15vh|15vh|15vh|15vh|true|true\u00bb custom_padding_tablet=\u00bb100px|100px|100px|100px|true|true\u00bb custom_padding_phone=\u00bb100px|30px|100px|30px|true|true\u00bb custom_padding_last_edited=\u00bbon|phone\u00bb animation_style=\u00bbslide\u00bb animation_direction=\u00bbleft\u00bb animation_delay=\u00bb500ms\u00bb pac_drh_add_staking_order_tab=\u00bbpac_drh_order_tab_two\u00bb pac_drh_add_staking_order_mob=\u00bbpac_drh_order_mob_two\u00bb global_colors_info=\u00bb{}\u00bb][et_pb_text _builder_version=\u00bb4.19.4&#8243; _module_preset=\u00bbdefault\u00bb header_3_font=\u00bbPoppins||||||||\u00bb header_3_text_color=\u00bb#FFFFFF\u00bb header_3_font_size=\u00bb47px\u00bb header_3_line_height=\u00bb1.3em\u00bb max_width=\u00bb656px\u00bb module_alignment=\u00bbleft\u00bb custom_margin=\u00bb||||false|false\u00bb header_3_font_size_tablet=\u00bb\u00bb header_3_font_size_phone=\u00bb30px\u00bb header_3_font_size_last_edited=\u00bbon|phone\u00bb global_colors_info=\u00bb{}\u00bb]<\/p>\n<h3>We advise you<\/h3>\n<p>[\/et_pb_text][et_pb_text _builder_version=\u00bb4.19.4&#8243; _module_preset=\u00bbdefault\u00bb text_font=\u00bbRoboto Flex||||||||\u00bb text_text_color=\u00bb#FFFFFF\u00bb text_font_size=\u00bb17px\u00bb text_line_height=\u00bb1.8em\u00bb max_width=\u00bb559px\u00bb module_alignment=\u00bbleft\u00bb custom_margin=\u00bb20px||||false|false\u00bb global_colors_info=\u00bb{}\u00bb]<\/p>\n<p>To choose reliable companies and law firms that will make your process a smooth experience for your moving, residency, health and property insurance, investments, jobs and everything you need.<\/p>\n<p>[\/et_pb_text][\/et_pb_column][et_pb_column type=\u00bb1_2&#8243; _builder_version=\u00bb4.19.5&#8243; _module_preset=\u00bbdefault\u00bb background_image=\u00bbhttps:\/\/santuariodelcorozo.com\/wp-content\/uploads\/2023\/01\/Teleferico-de-Puerto-Plata-web.webp\u00bb custom_padding=\u00bb0px||0px||true|false\u00bb animation_style=\u00bbslide\u00bb animation_direction=\u00bbright\u00bb animation_delay=\u00bb750ms\u00bb pac_drh_add_staking_order_tab=\u00bbpac_drh_order_tab_one\u00bb pac_drh_add_staking_order_mob=\u00bbpac_drh_order_mob_one\u00bb global_colors_info=\u00bb{}\u00bb][et_pb_divider show_divider=\u00bboff\u00bb _builder_version=\u00bb4.16&#8243; _module_preset=\u00bbdefault\u00bb custom_padding_tablet=\u00bb40%||40%||true|false\u00bb custom_padding_phone=\u00bb50%||50%||true|false\u00bb custom_padding_last_edited=\u00bbon|phone\u00bb global_colors_info=\u00bb{}\u00bb][\/et_pb_divider][\/et_pb_column][\/et_pb_row][\/et_pb_section][et_pb_section fb_built=\u00bb1&#8243; make_equal=\u00bbon\u00bb use_custom_gutter=\u00bbon\u00bb gutter_width=\u00bb1&#8243; specialty=\u00bbon\u00bb background_color_2=\u00bb#005448&#8243; bg_img_1=\u00bbhttps:\/\/santuariodelcorozo.com\/wp-content\/uploads\/2023\/01\/familia-dominicana.webp\u00bb padding_top_1=\u00bb0px\u00bb padding_top_2=\u00bb15vh\u00bb padding_right_2=\u00bb15vh\u00bb padding_bottom_1=\u00bb0px\u00bb padding_bottom_2=\u00bb15vh\u00bb padding_left_2=\u00bb15vh\u00bb padding_top_bottom_link_1=\u00bbtrue\u00bb padding_top_bottom_link_2=\u00bbtrue\u00bb padding_left_right_link_1=\u00bbfalse\u00bb padding_left_right_link_2=\u00bbtrue\u00bb padding_2_tablet=\u00bb100px|100px|100px|100px|true|true\u00bb padding_2_phone=\u00bb100px|30px|100px|30px|true|true\u00bb padding_2_last_edited=\u00bbon|phone\u00bb _builder_version=\u00bb4.19.4&#8243; _module_preset=\u00bbdefault\u00bb inner_width=\u00bb100%\u00bb inner_max_width=\u00bb100%\u00bb custom_padding=\u00bb0px||0px||true|false\u00bb animation_style=\u00bbzoom\u00bb animation_delay=\u00bb500ms\u00bb global_colors_info=\u00bb{}\u00bb][et_pb_column type=\u00bb1_2&#8243; _builder_version=\u00bb4.16&#8243; custom_padding=\u00bb|||\u00bb global_colors_info=\u00bb{}\u00bb custom_padding__hover=\u00bb|||\u00bb][et_pb_divider show_divider=\u00bboff\u00bb _builder_version=\u00bb4.16&#8243; _module_preset=\u00bbdefault\u00bb custom_padding_tablet=\u00bb40%||40%||true|false\u00bb custom_padding_phone=\u00bb50%||50%||true|false\u00bb custom_padding_last_edited=\u00bbon|phone\u00bb global_colors_info=\u00bb{}\u00bb][\/et_pb_divider][\/et_pb_column][et_pb_column type=\u00bb1_2&#8243; specialty_columns=\u00bb2&#8243; _builder_version=\u00bb4.16&#8243; custom_padding=\u00bb|||\u00bb global_colors_info=\u00bb{}\u00bb custom_padding__hover=\u00bb|||\u00bb][et_pb_row_inner _builder_version=\u00bb4.19.4&#8243; _module_preset=\u00bbdefault\u00bb custom_padding=\u00bb0px||35px||false|false\u00bb border_color_bottom=\u00bb#48494b\u00bb global_colors_info=\u00bb{}\u00bb][et_pb_column_inner saved_specialty_column_type=\u00bb1_2&#8243; _builder_version=\u00bb4.16&#8243; _module_preset=\u00bbdefault\u00bb global_colors_info=\u00bb{}\u00bb][et_pb_text _builder_version=\u00bb4.19.4&#8243; _module_preset=\u00bbdefault\u00bb header_3_font=\u00bbPoppins||||||||\u00bb header_3_text_color=\u00bb#FFFFFF\u00bb header_3_font_size=\u00bb39px\u00bb header_3_line_height=\u00bb1.3em\u00bb max_width=\u00bb656px\u00bb module_alignment=\u00bbleft\u00bb custom_margin=\u00bb35px||||false|false\u00bb header_3_font_size_tablet=\u00bb\u00bb header_3_font_size_phone=\u00bb30px\u00bb header_3_font_size_last_edited=\u00bbon|phone\u00bb global_colors_info=\u00bb{}\u00bb]<\/p>\n<h3>Our objective<\/h3>\n<p>[\/et_pb_text][et_pb_text _builder_version=\u00bb4.19.4&#8243; _module_preset=\u00bbdefault\u00bb text_font=\u00bbRoboto Flex||||||||\u00bb text_text_color=\u00bb#FFFFFF\u00bb text_font_size=\u00bb17px\u00bb text_line_height=\u00bb1.8em\u00bb max_width=\u00bb559px\u00bb module_alignment=\u00bbleft\u00bb custom_margin=\u00bb10px||||false|false\u00bb global_colors_info=\u00bb{}\u00bb]<\/p>\n<p>It is that you relate with people who add to you, help you and allow peace and wellbeing to always accompany you.<\/p>\n<p>[\/et_pb_text][\/et_pb_column_inner][\/et_pb_row_inner][\/et_pb_column][\/et_pb_section][et_pb_section fb_built=\u00bb1&#8243; custom_padding_last_edited=\u00bbon|tablet\u00bb _builder_version=\u00bb4.19.4&#8243; _module_preset=\u00bbdefault\u00bb background_image=\u00bbhttps:\/\/santuariodelcorozo.com\/wp-content\/uploads\/2023\/01\/Puerto-Plata-vista-desde-la-montana.webp\u00bb parallax=\u00bbon\u00bb custom_margin=\u00bb0px||0px||false|false\u00bb custom_padding=\u00bb140px||0px||false|false\u00bb custom_padding_tablet=\u00bb120px||0px||false|false\u00bb custom_padding_phone=\u00bb400px||0px||false|false\u00bb global_colors_info=\u00bb{}\u00bb][et_pb_row column_structure=\u00bb1_2,1_2&#8243; use_custom_gutter=\u00bbon\u00bb _builder_version=\u00bb4.17.6&#8243; _module_preset=\u00bbdefault\u00bb width=\u00bb90%\u00bb max_width=\u00bb1170px\u00bb max_width_tablet=\u00bb527px\u00bb max_width_phone=\u00bb527px\u00bb max_width_last_edited=\u00bbon|tablet\u00bb custom_margin=\u00bb0px||-140px||false|false\u00bb custom_margin_tablet=\u00bb0px||-140px||false|false\u00bb custom_margin_phone=\u00bb0px||-140px||false|false\u00bb custom_margin_last_edited=\u00bbon|phone\u00bb custom_padding=\u00bb0px||0px||false|false\u00bb global_colors_info=\u00bb{}\u00bb][et_pb_column type=\u00bb1_2&#8243; _builder_version=\u00bb4.17.6&#8243; _module_preset=\u00bbdefault\u00bb background_color=\u00bb#FFFFFF\u00bb custom_padding=\u00bb37px|50px|50px|50px|false|true\u00bb border_radii=\u00bbon|25px|25px|25px|25px\u00bb box_shadow_style=\u00bbpreset1&#8243; box_shadow_blur=\u00bb50px\u00bb box_shadow_color=\u00bbrgba(0,0,0,0.08)\u00bb global_colors_info=\u00bb{}\u00bb][et_pb_text _builder_version=\u00bb4.19.4&#8243; _module_preset=\u00bbdefault\u00bb header_2_font=\u00bbPoppins|600|||||||\u00bb header_2_text_align=\u00bbleft\u00bb header_2_text_color=\u00bb#111111&#8243; header_2_font_size=\u00bb43px\u00bb header_2_letter_spacing=\u00bb-1px\u00bb header_2_line_height=\u00bb1.4em\u00bb custom_margin=\u00bb0px||-4px||false|false\u00bb custom_padding=\u00bb0px||0px||false|false\u00bb header_2_font_size_tablet=\u00bb43px\u00bb header_2_font_size_phone=\u00bb30px\u00bb header_2_font_size_last_edited=\u00bbon|phone\u00bb global_colors_info=\u00bb{}\u00bb]<\/p>\n<h2>Free Consultation<\/h2>\n<p>[\/et_pb_text][et_pb_text _builder_version=\u00bb4.19.4&#8243; _module_preset=\u00bbdefault\u00bb text_font=\u00bbRoboto Flex|600|||||||\u00bb text_text_color=\u00bb#111111&#8243; text_font_size=\u00bb19px\u00bb text_line_height=\u00bb1.6em\u00bb custom_margin=\u00bb0px||30px||false|false\u00bb custom_margin_tablet=\u00bb0px||30px||false|false\u00bb custom_margin_phone=\u00bb0px||30px||false|false\u00bb custom_margin_last_edited=\u00bbon|tablet\u00bb custom_padding=\u00bb0px||0px||false|false\u00bb global_colors_info=\u00bb{}\u00bb]<\/p>\n<p>Send us a message so we can start helping you with your process.<\/p>\n<p>[\/et_pb_text][et_pb_contact_form captcha=\u00bboff\u00bb submit_button_text=\u00bbSolicitar Cita\u00bb _builder_version=\u00bb4.19.5&#8243; _module_preset=\u00bbdefault\u00bb _unique_id=\u00bb0a68fa23-8e43-4e3b-8eca-46d59096c8bf\u00bb form_field_background_color=\u00bb#FFFFFF\u00bb form_field_text_color=\u00bb#111111&#8243; form_field_custom_margin=\u00bb0px||16px||false|false\u00bb form_field_custom_padding=\u00bb12px||12px||false|false\u00bb title_font=\u00bbRoboto Flex||||||||\u00bb form_field_font=\u00bbAssistant|600|||||||\u00bb form_field_font_size=\u00bb15px\u00bb custom_button=\u00bbon\u00bb button_text_size=\u00bb15px\u00bb button_text_color=\u00bb#FFFFFF\u00bb button_bg_color=\u00bb#005448&#8243; button_border_radius=\u00bb25px\u00bb button_font=\u00bbJost||||||||\u00bb button_use_icon=\u00bboff\u00bb button_custom_margin=\u00bb20px||0px||false|false\u00bb button_custom_padding=\u00bb13px||13px||false|false\u00bb custom_margin=\u00bb0px||0px||false|false\u00bb custom_padding=\u00bb0px||0px||false|false\u00bb hover_enabled=\u00bb0&#8243; use_honeypot=\u00bbon\u00bb border_radii=\u00bbon|5px|5px|5px|5px\u00bb border_width_all=\u00bb1px\u00bb border_color_all=\u00bb#d5d6de\u00bb global_colors_info=\u00bb{}\u00bb button_letter_spacing__hover=\u00bb0px\u00bb button_letter_spacing__hover_enabled=\u00bbon|hover\u00bb email=\u00bbinfo@santuariodelcorozo.com\u00bb sticky_enabled=\u00bb0&#8243;][et_pb_contact_field field_id=\u00bbName\u00bb field_title=\u00bbNombre\u00bb _builder_version=\u00bb4.19.4&#8243; global_colors_info=\u00bb{}\u00bb button_text_size__hover_enabled=\u00bboff\u00bb button_one_text_size__hover_enabled=\u00bboff\u00bb button_two_text_size__hover_enabled=\u00bboff\u00bb button_text_color__hover_enabled=\u00bboff\u00bb button_one_text_color__hover_enabled=\u00bboff\u00bb button_two_text_color__hover_enabled=\u00bboff\u00bb button_border_width__hover_enabled=\u00bboff\u00bb button_one_border_width__hover_enabled=\u00bboff\u00bb button_two_border_width__hover_enabled=\u00bboff\u00bb button_border_color__hover_enabled=\u00bboff\u00bb button_one_border_color__hover_enabled=\u00bboff\u00bb button_two_border_color__hover_enabled=\u00bboff\u00bb button_border_radius__hover_enabled=\u00bboff\u00bb button_one_border_radius__hover_enabled=\u00bboff\u00bb button_two_border_radius__hover_enabled=\u00bboff\u00bb button_letter_spacing__hover_enabled=\u00bboff\u00bb button_one_letter_spacing__hover_enabled=\u00bboff\u00bb button_two_letter_spacing__hover_enabled=\u00bboff\u00bb button_bg_color__hover_enabled=\u00bboff\u00bb button_one_bg_color__hover_enabled=\u00bboff\u00bb button_two_bg_color__hover_enabled=\u00bboff\u00bb][\/et_pb_contact_field][et_pb_contact_field field_id=\u00bbEmail\u00bb field_title=\u00bbCorreo Electr\u00f3nico\u00bb field_type=\u00bbemail\u00bb _builder_version=\u00bb4.19.4&#8243; global_colors_info=\u00bb{}\u00bb button_text_size__hover_enabled=\u00bboff\u00bb button_one_text_size__hover_enabled=\u00bboff\u00bb button_two_text_size__hover_enabled=\u00bboff\u00bb button_text_color__hover_enabled=\u00bboff\u00bb button_one_text_color__hover_enabled=\u00bboff\u00bb button_two_text_color__hover_enabled=\u00bboff\u00bb button_border_width__hover_enabled=\u00bboff\u00bb button_one_border_width__hover_enabled=\u00bboff\u00bb button_two_border_width__hover_enabled=\u00bboff\u00bb button_border_color__hover_enabled=\u00bboff\u00bb button_one_border_color__hover_enabled=\u00bboff\u00bb button_two_border_color__hover_enabled=\u00bboff\u00bb button_border_radius__hover_enabled=\u00bboff\u00bb button_one_border_radius__hover_enabled=\u00bboff\u00bb button_two_border_radius__hover_enabled=\u00bboff\u00bb button_letter_spacing__hover_enabled=\u00bboff\u00bb button_one_letter_spacing__hover_enabled=\u00bboff\u00bb button_two_letter_spacing__hover_enabled=\u00bboff\u00bb button_bg_color__hover_enabled=\u00bboff\u00bb button_one_bg_color__hover_enabled=\u00bboff\u00bb button_two_bg_color__hover_enabled=\u00bboff\u00bb][\/et_pb_contact_field][et_pb_contact_field field_id=\u00bbmergers\u00bb field_title=\u00bbEmpresa\u00bb _builder_version=\u00bb4.19.4&#8243; _module_preset=\u00bbdefault\u00bb global_colors_info=\u00bb{}\u00bb][\/et_pb_contact_field][et_pb_contact_field field_id=\u00bbphone\u00bb field_title=\u00bbTel\u00e9fono\u00bb allowed_symbols=\u00bbnumbers\u00bb _builder_version=\u00bb4.19.4&#8243; _module_preset=\u00bbdefault\u00bb global_colors_info=\u00bb{}\u00bb][\/et_pb_contact_field][et_pb_contact_field field_id=\u00bbMessage\u00bb field_title=\u00bbMensaje\u00bb field_type=\u00bbtext\u00bb fullwidth_field=\u00bbon\u00bb _builder_version=\u00bb4.19.4&#8243; global_colors_info=\u00bb{}\u00bb button_text_size__hover_enabled=\u00bboff\u00bb button_one_text_size__hover_enabled=\u00bboff\u00bb button_two_text_size__hover_enabled=\u00bboff\u00bb button_text_color__hover_enabled=\u00bboff\u00bb button_one_text_color__hover_enabled=\u00bboff\u00bb button_two_text_color__hover_enabled=\u00bboff\u00bb button_border_width__hover_enabled=\u00bboff\u00bb button_one_border_width__hover_enabled=\u00bboff\u00bb button_two_border_width__hover_enabled=\u00bboff\u00bb button_border_color__hover_enabled=\u00bboff\u00bb button_one_border_color__hover_enabled=\u00bboff\u00bb button_two_border_color__hover_enabled=\u00bboff\u00bb button_border_radius__hover_enabled=\u00bboff\u00bb button_one_border_radius__hover_enabled=\u00bboff\u00bb button_two_border_radius__hover_enabled=\u00bboff\u00bb button_letter_spacing__hover_enabled=\u00bboff\u00bb button_one_letter_spacing__hover_enabled=\u00bboff\u00bb button_two_letter_spacing__hover_enabled=\u00bboff\u00bb button_bg_color__hover_enabled=\u00bboff\u00bb button_one_bg_color__hover_enabled=\u00bboff\u00bb button_two_bg_color__hover_enabled=\u00bboff\u00bb][\/et_pb_contact_field][\/et_pb_contact_form][et_pb_code admin_label=\u00bbfull width form button code\u00bb _builder_version=\u00bb4.17.6&#8243; _module_preset=\u00bbdefault\u00bb custom_margin=\u00bb0px||0px||false|false\u00bb custom_padding=\u00bb0px||0px||false|false\u00bb global_colors_info=\u00bb{}\u00bb]<\/p>\n<style><!-- [et_pb_line_break_holder] -->body #page-container .et_pb_contact_form_0.et_pb_contact_form_container .et_pb_button {<!-- [et_pb_line_break_holder] -->width: 100%;<!-- [et_pb_line_break_holder] --><!-- [et_pb_line_break_holder] -->}<!-- [et_pb_line_break_holder] -->body #page-container .et_pb_contact_form_0 .et_contact_bottom_container {<!-- [et_pb_line_break_holder] -->width: 100%;<!-- [et_pb_line_break_holder] -->}<!-- [et_pb_line_break_holder] --><\/style>\n<p>[\/et_pb_code][\/et_pb_column][et_pb_column type=\u00bb1_2&#8243; _builder_version=\u00bb4.17.6&#8243; _module_preset=\u00bbdefault\u00bb global_colors_info=\u00bb{}\u00bb][\/et_pb_column][\/et_pb_row][\/et_pb_section][et_pb_section fb_built=\u00bb1&#8243; _builder_version=\u00bb4.19.4&#8243; _module_preset=\u00bbdefault\u00bb background_color=\u00bb#005448&#8243; custom_padding=\u00bb91px||91px||true|false\u00bb animation_direction=\u00bbbottom\u00bb hover_transition_duration=\u00bb0ms\u00bb global_colors_info=\u00bb{}\u00bb][\/et_pb_section]<\/p>","protected":false},"excerpt":{"rendered":"<p>Asesor\u00eda Legal\u00bfQuiere residir en la Rep\u00fablica Dominicana?Somos un pa\u00eds con excelentes y f\u00e1ciles procesosPara realizar residencia y vivir en la isla del merengue. La costa norte te brinda seguridad, aeropuerto internacional, centros m\u00e9dicos referentes a nivel internacional y una comunidad hospitalaria con quien desear compartir.Te asesoramosA elegir empresas confiables y firmas de abogados que hagan [&hellip;]<\/p>","protected":false},"author":4,"featured_media":0,"parent":0,"menu_order":0,"comment_status":"closed","ping_status":"closed","template":"","meta":{"_et_pb_use_builder":"on","_et_pb_old_content":"","_et_gb_content_width":"","footnotes":""},"class_list":["post-187","page","type-page","status-publish","hentry"],"_links":{"self":[{"href":"https:\/\/santuariodelcorozo.com\/en\/wp-json\/wp\/v2\/pages\/187","targetHints":{"allow":["GET"]}}],"collection":[{"href":"https:\/\/santuariodelcorozo.com\/en\/wp-json\/wp\/v2\/pages"}],"about":[{"href":"https:\/\/santuariodelcorozo.com\/en\/wp-json\/wp\/v2\/types\/page"}],"author":[{"embeddable":true,"href":"https:\/\/santuariodelcorozo.com\/en\/wp-json\/wp\/v2\/users\/4"}],"replies":[{"embeddable":true,"href":"https:\/\/santuariodelcorozo.com\/en\/wp-json\/wp\/v2\/comments?post=187"}],"version-history":[{"count":11,"href":"https:\/\/santuariodelcorozo.com\/en\/wp-json\/wp\/v2\/pages\/187\/revisions"}],"predecessor-version":[{"id":23924,"href":"https:\/\/santuariodelcorozo.com\/en\/wp-json\/wp\/v2\/pages\/187\/revisions\/23924"}],"wp:attachment":[{"href":"https:\/\/santuariodelcorozo.com\/en\/wp-json\/wp\/v2\/media?parent=187"}],"curies":[{"name":"wp","href":"https:\/\/api.w.org\/{rel}","templated":true}]}}