{"id":67,"date":"2023-01-25T19:21:44","date_gmt":"2023-01-25T23:21:44","guid":{"rendered":"https:\/\/santuariodelcorozo.com\/?page_id=67"},"modified":"2025-09-08T22:39:50","modified_gmt":"2025-09-09T02:39:50","slug":"contactanos","status":"publish","type":"page","link":"https:\/\/santuariodelcorozo.com\/en\/contactanos\/","title":{"rendered":"Contact Us"},"content":{"rendered":"<p>[et_pb_section fb_built=\u00bb1&#8243; admin_label=\u00bbFeatured Products\u00bb _builder_version=\u00bb4.16&#8243; custom_padding=\u00bb80px|0px|80px|0px|true\u00bb global_colors_info=\u00bb{}\u00bb][et_pb_row column_structure=\u00bb2_3,1_3&#8243; _builder_version=\u00bb4.19.4&#8243; custom_padding=\u00bb27px|0px|16px|0px|false|false\u00bb global_colors_info=\u00bb{}\u00bb][et_pb_column type=\u00bb2_3&#8243; _builder_version=\u00bb4.16&#8243; custom_padding=\u00bb|||\u00bb global_colors_info=\u00bb{}\u00bb custom_padding__hover=\u00bb|||\u00bb][et_pb_text _builder_version=\u00bb4.19.4&#8243; text_font=\u00bbPoppins|700||on|||||\u00bb text_text_color=\u00bb#000000&#8243; text_font_size=\u00bb30px\u00bb text_font_size_tablet=\u00bb\u00bb text_font_size_phone=\u00bb20px\u00bb text_font_size_last_edited=\u00bbon|desktop\u00bb global_colors_info=\u00bb{}\u00bb]<\/p>\n<p>Contact us for more information<\/p>\n<p>[\/et_pb_text][et_pb_text _builder_version=\u00bb4.19.4&#8243; text_font=\u00bbRoboto Flex|300|||||||\u00bb text_text_color=\u00bb#000000&#8243; max_width_tablet=\u00bb80%\u00bb max_width_phone=\u00bbnone\u00bb max_width_last_edited=\u00bbon|desktop\u00bb module_alignment=\u00bbcenter\u00bb custom_margin=\u00bb-13px||\u00bb custom_padding=\u00bb0px||\u00bb global_colors_info=\u00bb{}\u00bb]<\/p>\n<p>For more information, please contact us. For inquiries, purchasing opportunities, interest or collaboration, please send us a message.<\/p>\n<p>[\/et_pb_text][\/et_pb_column][et_pb_column type=\u00bb1_3&#8243; _builder_version=\u00bb4.16&#8243; custom_padding=\u00bb|||\u00bb global_colors_info=\u00bb{}\u00bb custom_padding__hover=\u00bb|||\u00bb][et_pb_blurb title=\u00bbTania Imbert Mata\u00bb image=\u00bbhttps:\/\/santuariodelcorozo.com\/wp-content\/uploads\/2023\/01\/Tania-Imbert-nosotros.webp\u00bb icon_placement=\u00bbleft\u00bb image_icon_width=\u00bb84px\u00bb _builder_version=\u00bb4.19.4&#8243; header_font=\u00bbPoppins|600|||||||\u00bb body_font=\u00bbRoboto Flex||||||||\u00bb body_font_size=\u00bb16px\u00bb body_line_height=\u00bb1.8em\u00bb animation=\u00bboff\u00bb border_radii_image=\u00bbon|1000px|1000px|1000px|1000px\u00bb border_color_right_image=\u00bbrgba(0,0,0,0)\u00bb image_max_width=\u00bb84px\u00bb global_colors_info=\u00bb{}\u00bb]<\/p>\n<p>(809) 763-0121<\/p>\n<p>[\/et_pb_blurb][\/et_pb_column][\/et_pb_row][\/et_pb_section][et_pb_section fb_built=\u00bb1&#8243; _builder_version=\u00bb4.19.4&#8243; background_color=\u00bbrgba(0,0,0,0)\u00bb custom_padding=\u00bb0px|0px|78px|0px|false|false\u00bb global_colors_info=\u00bb{}\u00bb][et_pb_row column_structure=\u00bb1_3,1_3,1_3&#8243; use_custom_gutter=\u00bbon\u00bb gutter_width=\u00bb1&#8243; make_equal=\u00bbon\u00bb _builder_version=\u00bb4.19.4&#8243; background_color=\u00bb#005448&#8243; z_index=\u00bb999&#8243; custom_padding=\u00bb64px||64px||true|\u00bb global_colors_info=\u00bb{}\u00bb][et_pb_column type=\u00bb1_3&#8243; _builder_version=\u00bb4.16&#8243; custom_padding=\u00bb|||\u00bb global_colors_info=\u00bb{}\u00bb custom_padding__hover=\u00bb|||\u00bb][et_pb_blurb title=\u00bbTel\u00e9fono\u00bb use_icon=\u00bbon\u00bb font_icon=\u00bb&#xf879;||fa||900&#8243; icon_color=\u00bb#ffffff\u00bb image_icon_width=\u00bb50px\u00bb _builder_version=\u00bb4.19.4&#8243; header_font=\u00bbPoppins|700||on|||||\u00bb header_text_align=\u00bbcenter\u00bb header_text_color=\u00bb#ffffff\u00bb header_font_size=\u00bb18px\u00bb body_font=\u00bbRoboto Flex|300|||||||\u00bb body_text_align=\u00bbcenter\u00bb body_text_color=\u00bb#ffffff\u00bb body_font_size=\u00bb16px\u00bb body_line_height=\u00bb1.8em\u00bb background_color=\u00bbrgba(56,56,56,0)\u00bb custom_padding=\u00bb0px|33px|0px|33px|true|true\u00bb animation=\u00bboff\u00bb border_color_all=\u00bb#297FCA\u00bb icon_font_size=\u00bb50px\u00bb global_colors_info=\u00bb{}\u00bb]<\/p>\n<p>Call us at our phone number<\/p>\n<p>(809) 763-0121<\/p>\n<p>[\/et_pb_blurb][\/et_pb_column][et_pb_column type=\u00bb1_3&#8243; _builder_version=\u00bb4.16&#8243; custom_padding=\u00bb|||\u00bb global_colors_info=\u00bb{}\u00bb custom_padding__hover=\u00bb|||\u00bb][et_pb_blurb title=\u00bbAsistencia\u00bb use_icon=\u00bbon\u00bb font_icon=\u00bb&#xe010;||divi||400&#8243; icon_color=\u00bb#ffffff\u00bb image_icon_width=\u00bb50px\u00bb _builder_version=\u00bb4.19.4&#8243; header_font=\u00bbPoppins|700||on|||||\u00bb header_text_align=\u00bbcenter\u00bb header_text_color=\u00bb#ffffff\u00bb header_font_size=\u00bb18px\u00bb body_font=\u00bbRoboto Flex|300|||||||\u00bb body_text_align=\u00bbcenter\u00bb body_text_color=\u00bb#ffffff\u00bb body_font_size=\u00bb16px\u00bb body_line_height=\u00bb1.8em\u00bb background_color=\u00bbrgba(56,56,56,0)\u00bb custom_padding=\u00bb0px|33px|0px|33px|true|true\u00bb custom_padding_tablet=\u00bb60px|20px|60px|20px|true|true\u00bb custom_padding_phone=\u00bb64px||64px||true\u00bb custom_padding_last_edited=\u00bbon|phone\u00bb animation=\u00bboff\u00bb border_color_all=\u00bb#297FCA\u00bb border_width_right=\u00bb1px\u00bb border_color_right=\u00bbrgba(226,226,226,0.24)\u00bb border_width_left=\u00bb1px\u00bb border_color_left=\u00bbrgba(226,226,226,0.24)\u00bb icon_font_size=\u00bb50px\u00bb global_colors_info=\u00bb{}\u00bb]<\/p>\n<p>Send us an e-mail.<\/p>\n<p>santuariodelcorozo@gmail.com<\/p>\n<p>[\/et_pb_blurb][\/et_pb_column][et_pb_column type=\u00bb1_3&#8243; _builder_version=\u00bb4.16&#8243; custom_padding=\u00bb|||\u00bb global_colors_info=\u00bb{}\u00bb custom_padding__hover=\u00bb|||\u00bb][et_pb_blurb title=\u00bbDirecci\u00f3n\u00bb use_icon=\u00bbon\u00bb font_icon=\u00bb&#xe01d;||divi||400&#8243; icon_color=\u00bb#ffffff\u00bb image_icon_width=\u00bb50px\u00bb _builder_version=\u00bb4.19.4&#8243; header_font=\u00bbPoppins|700||on|||||\u00bb header_text_align=\u00bbcenter\u00bb header_text_color=\u00bb#ffffff\u00bb header_font_size=\u00bb18px\u00bb body_font=\u00bbRoboto Flex|300|||||||\u00bb body_text_align=\u00bbcenter\u00bb body_text_color=\u00bb#ffffff\u00bb body_font_size=\u00bb15px\u00bb body_line_height=\u00bb1.8em\u00bb background_color=\u00bbrgba(56,56,56,0)\u00bb custom_padding=\u00bb0px|33px|0px|33px|true|true\u00bb animation=\u00bboff\u00bb border_color_all=\u00bb#297FCA\u00bb icon_font_size=\u00bb50px\u00bb global_colors_info=\u00bb{}\u00bb]<\/p>\n<p>Visit us at<\/p>\n<p>Dominican Republic, Puerto Plata, Corozo<\/p>\n<p>[\/et_pb_blurb][\/et_pb_column][\/et_pb_row][\/et_pb_section][et_pb_section fb_built=\u00bb1&#8243; fullwidth=\u00bbon\u00bb _builder_version=\u00bb4.16&#8243; custom_margin=\u00bb-228px||\u00bb custom_margin_tablet=\u00bb1px|||\u00bb custom_margin_phone=\u00bb1px||\u00bb custom_margin_last_edited=\u00bbon|tablet\u00bb global_colors_info=\u00bb{}\u00bb][et_pb_fullwidth_code admin_label=\u00bbFullwidth Code\u00bb _builder_version=\u00bb4.19.4&#8243; global_colors_info=\u00bb{}\u00bb]<iframe src=\"https:\/\/www.google.com\/maps\/embed?pb=!1m14!1m8!1m3!1d15021.763118186598!2d-70.7492682!3d19.7364189!3m2!1i1024!2i768!4f13.1!3m3!1m2!1s0x0%3A0x6e0cea768d624a6e!2sSantuario%20Del%20Corozo!5e0!3m2!1sen!2sdo!4v1672977873503!5m2!1sen!2sdo\" width=\"100%\" height=\"500\" style=\"border:0;\" allowfullscreen=\"\" loading=\"lazy\" referrerpolicy=\"no-referrer-when-downgrade\"><\/iframe>[\/et_pb_fullwidth_code][\/et_pb_section][et_pb_section fb_built=\u00bb1&#8243; admin_label=\u00bbSection\u00bb _builder_version=\u00bb4.19.4&#8243; _module_preset=\u00bbdefault\u00bb global_colors_info=\u00bb{}\u00bb][et_pb_row column_structure=\u00bb1_2,1_2&#8243; use_custom_gutter=\u00bbon\u00bb gutter_width=\u00bb2&#8243; custom_padding_last_edited=\u00bbon|phone\u00bb _builder_version=\u00bb4.24.3&#8243; _module_preset=\u00bbdefault\u00bb background_color=\u00bb#f4f5f0&#8243; background_color_gradient_direction=\u00bb100deg\u00bb background_color_gradient_start=\u00bb#f4f5f0&#8243; background_color_gradient_end=\u00bb#6a961f\u00bb width=\u00bb90%\u00bb max_width=\u00bb1170px\u00bb overflow-x=\u00bbhidden\u00bb overflow-y=\u00bbhidden\u00bb custom_margin=\u00bb0px||0px||false|false\u00bb custom_padding=\u00bb80px|50px|0px|80px|false|false\u00bb custom_padding_tablet=\u00bb80px|50px|0px|80px|false|false\u00bb custom_padding_phone=\u00bb80px|10px|0px|10px|false|false\u00bb animation_style=\u00bbzoom\u00bb animation_direction=\u00bbbottom\u00bb animation_duration=\u00bb650ms\u00bb animation_delay=\u00bb600ms\u00bb animation_speed_curve=\u00bbease\u00bb hover_enabled=\u00bb0&#8243; global_colors_info=\u00bb{}\u00bb sticky_enabled=\u00bb0&#8243;][et_pb_column type=\u00bb1_2&#8243; _builder_version=\u00bb4.24.3&#8243; _module_preset=\u00bbdefault\u00bb custom_padding=\u00bb|60px|||false|false\u00bb custom_padding_tablet=\u00bb|60px|||false|false\u00bb custom_padding_phone=\u00bb|0px|||false|false\u00bb custom_padding_last_edited=\u00bbon|phone\u00bb hover_enabled=\u00bb0&#8243; global_colors_info=\u00bb{}\u00bb disabled_on=\u00bbon|on|on\u00bb disabled=\u00bbon\u00bb sticky_enabled=\u00bb0&#8243;][et_pb_text quote_border_weight=\u00bb3px\u00bb quote_border_color=\u00bb#6a961f\u00bb _builder_version=\u00bb4.19.4&#8243; _module_preset=\u00bbdefault\u00bb header_5_font=\u00bbItaliana|700|||||||\u00bb header_5_text_align=\u00bbleft\u00bb header_5_text_color=\u00bb#917900&#8243; header_5_font_size=\u00bb22px\u00bb header_5_letter_spacing=\u00bb2px\u00bb custom_margin=\u00bb0px||15px||false|false\u00bb custom_padding=\u00bb0px||0px||false|false\u00bb header_5_text_align_tablet=\u00bbleft\u00bb header_5_text_align_phone=\u00bbcenter\u00bb header_5_text_align_last_edited=\u00bbon|phone\u00bb border_color_left=\u00bb#6a961f\u00bb global_colors_info=\u00bb{}\u00bb]<\/p>\n<h5>Free Estimate<\/h5>\n<p>[\/et_pb_text][et_pb_text _builder_version=\u00bb4.19.4&#8243; _module_preset=\u00bbdefault\u00bb header_2_font=\u00bbPoppins|700|||||||\u00bb header_2_text_align=\u00bbleft\u00bb header_2_text_color=\u00bb#000000&#8243; header_2_font_size=\u00bb50px\u00bb header_2_line_height=\u00bb1.1em\u00bb custom_margin=\u00bb0px||45px||false|false\u00bb custom_padding=\u00bb0px||0px||false|false\u00bb header_2_text_align_tablet=\u00bbleft\u00bb header_2_text_align_phone=\u00bbcenter\u00bb header_2_text_align_last_edited=\u00bbon|phone\u00bb header_2_font_size_tablet=\u00bb50px\u00bb header_2_font_size_phone=\u00bb38px\u00bb header_2_font_size_last_edited=\u00bbon|phone\u00bb global_colors_info=\u00bb{}\u00bb]<\/p>\n<h2>Request a Quote<\/h2>\n<p>[\/et_pb_text][et_pb_contact_form captcha=\u00bboff\u00bb email=\u00bbinfo@santuariodelcorozo.com\u00bb submit_button_text=\u00bbENVIAR MENSAJE\u00bb _builder_version=\u00bb4.19.5&#8243; _module_preset=\u00bbdefault\u00bb _unique_id=\u00bbbc37b0d7-3b5c-437a-b2fb-4852d9f30811&#8243; form_field_background_color=\u00bb#FFFFFF\u00bb form_field_text_color=\u00bb#495057&#8243; form_field_custom_padding=\u00bb25px|25px|25px|25px|false|false\u00bb form_field_custom_padding_tablet=\u00bb25px|25px|25px|25px|false|false\u00bb form_field_custom_padding_phone=\u00bb|25px||25px|false|false\u00bb form_field_custom_padding_last_edited=\u00bbon|desktop\u00bb form_field_font=\u00bbLexend Deca||||||||\u00bb form_field_text_align=\u00bbleft\u00bb form_field_font_size=\u00bb15px\u00bb custom_button=\u00bbon\u00bb button_text_size=\u00bb14px\u00bb button_text_color=\u00bb#FFFFFF\u00bb button_bg_color=\u00bb#005448&#8243; button_border_color=\u00bbRGBA(255,255,255,0)\u00bb button_font=\u00bbLexend Deca||||||||\u00bb button_use_icon=\u00bboff\u00bb button_custom_padding=\u00bb20px|35px|20px|35px|false|false\u00bb width_last_edited=\u00bboff|phone\u00bb custom_margin=\u00bb0px||60px||false|false\u00bb custom_margin_tablet=\u00bb0px||60px||false|false\u00bb custom_margin_phone=\u00bb0px||40px||false|false\u00bb custom_margin_last_edited=\u00bbon|phone\u00bb custom_padding=\u00bb0px||0px||false|false\u00bb hover_enabled=\u00bb0&#8243; form_field_text_align_tablet=\u00bbleft\u00bb form_field_text_align_phone=\u00bbleft\u00bb form_field_text_align_last_edited=\u00bbon|phone\u00bb custom_css_contact_button=\u00bbborder-radius: 0 30px 30px !important;||margin-top:20px;||\u00bb border_color_all=\u00bb#005448&#8243; border_width_left=\u00bb3px\u00bb global_colors_info=\u00bb{}\u00bb button_bg_color__hover_enabled=\u00bbon|hover\u00bb button_bg_color__hover=\u00bb#917900&#8243; button_bg_enable_color__hover=\u00bbon\u00bb button_letter_spacing__hover_enabled=\u00bbon|hover\u00bb button_letter_spacing__hover=\u00bb0px\u00bb sticky_enabled=\u00bb0&#8243;][et_pb_contact_field field_id=\u00bbName\u00bb field_title=\u00bbEscriba Su Nombre\u00bb fullwidth_field=\u00bbon\u00bb _builder_version=\u00bb4.19.4&#8243; global_colors_info=\u00bb{}\u00bb button_text_size__hover_enabled=\u00bboff\u00bb button_one_text_size__hover_enabled=\u00bboff\u00bb button_two_text_size__hover_enabled=\u00bboff\u00bb button_text_color__hover_enabled=\u00bboff\u00bb button_one_text_color__hover_enabled=\u00bboff\u00bb button_two_text_color__hover_enabled=\u00bboff\u00bb button_border_width__hover_enabled=\u00bboff\u00bb button_one_border_width__hover_enabled=\u00bboff\u00bb button_two_border_width__hover_enabled=\u00bboff\u00bb button_border_color__hover_enabled=\u00bboff\u00bb button_one_border_color__hover_enabled=\u00bboff\u00bb button_two_border_color__hover_enabled=\u00bboff\u00bb button_border_radius__hover_enabled=\u00bboff\u00bb button_one_border_radius__hover_enabled=\u00bboff\u00bb button_two_border_radius__hover_enabled=\u00bboff\u00bb button_letter_spacing__hover_enabled=\u00bboff\u00bb button_one_letter_spacing__hover_enabled=\u00bboff\u00bb button_two_letter_spacing__hover_enabled=\u00bboff\u00bb button_bg_color__hover_enabled=\u00bboff\u00bb button_one_bg_color__hover_enabled=\u00bboff\u00bb button_two_bg_color__hover_enabled=\u00bboff\u00bb][\/et_pb_contact_field][et_pb_contact_field field_id=\u00bbEmail\u00bb field_title=\u00bbEscriba su Correo Electr\u00f3nico\u00bb field_type=\u00bbemail\u00bb fullwidth_field=\u00bbon\u00bb _builder_version=\u00bb4.19.4&#8243; global_colors_info=\u00bb{}\u00bb button_text_size__hover_enabled=\u00bboff\u00bb button_one_text_size__hover_enabled=\u00bboff\u00bb button_two_text_size__hover_enabled=\u00bboff\u00bb button_text_color__hover_enabled=\u00bboff\u00bb button_one_text_color__hover_enabled=\u00bboff\u00bb button_two_text_color__hover_enabled=\u00bboff\u00bb button_border_width__hover_enabled=\u00bboff\u00bb button_one_border_width__hover_enabled=\u00bboff\u00bb button_two_border_width__hover_enabled=\u00bboff\u00bb button_border_color__hover_enabled=\u00bboff\u00bb button_one_border_color__hover_enabled=\u00bboff\u00bb button_two_border_color__hover_enabled=\u00bboff\u00bb button_border_radius__hover_enabled=\u00bboff\u00bb button_one_border_radius__hover_enabled=\u00bboff\u00bb button_two_border_radius__hover_enabled=\u00bboff\u00bb button_letter_spacing__hover_enabled=\u00bboff\u00bb button_one_letter_spacing__hover_enabled=\u00bboff\u00bb button_two_letter_spacing__hover_enabled=\u00bboff\u00bb button_bg_color__hover_enabled=\u00bboff\u00bb button_one_bg_color__hover_enabled=\u00bboff\u00bb button_two_bg_color__hover_enabled=\u00bboff\u00bb][\/et_pb_contact_field][et_pb_contact_field field_id=\u00bbMessage\u00bb field_title=\u00bbEscriba su Mensaje\u00bb field_type=\u00bbtext\u00bb fullwidth_field=\u00bbon\u00bb _builder_version=\u00bb4.19.4&#8243; global_colors_info=\u00bb{}\u00bb button_text_size__hover_enabled=\u00bboff\u00bb button_one_text_size__hover_enabled=\u00bboff\u00bb button_two_text_size__hover_enabled=\u00bboff\u00bb button_text_color__hover_enabled=\u00bboff\u00bb button_one_text_color__hover_enabled=\u00bboff\u00bb button_two_text_color__hover_enabled=\u00bboff\u00bb button_border_width__hover_enabled=\u00bboff\u00bb button_one_border_width__hover_enabled=\u00bboff\u00bb button_two_border_width__hover_enabled=\u00bboff\u00bb button_border_color__hover_enabled=\u00bboff\u00bb button_one_border_color__hover_enabled=\u00bboff\u00bb button_two_border_color__hover_enabled=\u00bboff\u00bb button_border_radius__hover_enabled=\u00bboff\u00bb button_one_border_radius__hover_enabled=\u00bboff\u00bb button_two_border_radius__hover_enabled=\u00bboff\u00bb button_letter_spacing__hover_enabled=\u00bboff\u00bb button_one_letter_spacing__hover_enabled=\u00bboff\u00bb button_two_letter_spacing__hover_enabled=\u00bboff\u00bb button_bg_color__hover_enabled=\u00bboff\u00bb button_one_bg_color__hover_enabled=\u00bboff\u00bb button_two_bg_color__hover_enabled=\u00bboff\u00bb][\/et_pb_contact_field][\/et_pb_contact_form][\/et_pb_column][et_pb_column type=\u00bb1_2&#8243; disabled_on=\u00bbon|on|off\u00bb _builder_version=\u00bb4.19.4&#8243; _module_preset=\u00bbdefault\u00bb custom_css_before=\u00bbcontent: %22%22;||    position: absolute;||    right: -50px;||    top: 0;||    top: -80px;||    clip-path: polygon(41% 0, 100% 0, 100% 100%, 0% 100%);||    background: #6a961f;||    width: 100%;||    height: 740px;||    z-index: -1;\u00bb global_colors_info=\u00bb{}\u00bb][et_pb_image src=\u00bbhttps:\/\/santuariodelcorozo.com\/wp-content\/uploads\/2023\/01\/contactanos-agente-de-santuario-del-corozo.png\u00bb title_text=\u00bbcontactanos agente de santuario del corozo\u00bb align=\u00bbcenter\u00bb _builder_version=\u00bb4.19.4&#8243; _module_preset=\u00bbdefault\u00bb max_width_tablet=\u00bb250px\u00bb max_width_phone=\u00bb200px\u00bb max_width_last_edited=\u00bbon|phone\u00bb custom_margin=\u00bb60px||0px||false|false\u00bb custom_margin_tablet=\u00bb-78px||||false|false\u00bb custom_margin_phone=\u00bb-42px||-21px||false|false\u00bb custom_margin_last_edited=\u00bbon|phone\u00bb custom_padding=\u00bb0px||0px||false|false\u00bb module_alignment_tablet=\u00bbcenter\u00bb module_alignment_phone=\u00bbcenter\u00bb module_alignment_last_edited=\u00bbon|phone\u00bb custom_css_main_element=\u00bboverflow:hidden;\u00bb global_colors_info=\u00bb{}\u00bb][\/et_pb_image][et_pb_image src=\u00bbhttps:\/\/santuariodelcorozo.com\/wp-content\/uploads\/2023\/01\/gardener-4-leaf17-1.png\u00bb disabled_on=\u00bbon|on|off\u00bb _builder_version=\u00bb4.19.4&#8243; _module_preset=\u00bbdefault\u00bb positioning=\u00bbabsolute\u00bb vertical_offset=\u00bb-26px\u00bb horizontal_offset=\u00bb348px\u00bb z_index=\u00bb-1&#8243; width=\u00bb206px\u00bb custom_margin=\u00bb0px||0px||false|false\u00bb custom_padding=\u00bb0px||0px||false|false\u00bb animation_direction=\u00bbbottom\u00bb global_colors_info=\u00bb{}\u00bb][\/et_pb_image][\/et_pb_column][\/et_pb_row][\/et_pb_section]<\/p>","protected":false},"excerpt":{"rendered":"<p>P\u00f3ngase en contacto con nosotrosPara m\u00e1s informaci\u00f3n, p\u00f3ngase en contacto con nosotros. Para consultas, oportunidades de compra, inter\u00e9s o colaboraci\u00f3n, env\u00edenos un mensaje.(809) 763-0121Ll\u00e1menos a nuestro tel\u00e9fono (809) 763-0121Env\u00edenos un correo electr\u00f3nico. santuariodelcorozo@gmail.comVis\u00edtenos en Republica Dominicana, Puerto Plata, CorozoEstimaci\u00f3n GratuitaSolicitar Presupuesto<\/p>","protected":false},"author":4,"featured_media":0,"parent":0,"menu_order":0,"comment_status":"closed","ping_status":"closed","template":"","meta":{"_et_pb_use_builder":"on","_et_pb_old_content":"","_et_gb_content_width":"","footnotes":""},"class_list":["post-67","page","type-page","status-publish","hentry"],"_links":{"self":[{"href":"https:\/\/santuariodelcorozo.com\/en\/wp-json\/wp\/v2\/pages\/67","targetHints":{"allow":["GET"]}}],"collection":[{"href":"https:\/\/santuariodelcorozo.com\/en\/wp-json\/wp\/v2\/pages"}],"about":[{"href":"https:\/\/santuariodelcorozo.com\/en\/wp-json\/wp\/v2\/types\/page"}],"author":[{"embeddable":true,"href":"https:\/\/santuariodelcorozo.com\/en\/wp-json\/wp\/v2\/users\/4"}],"replies":[{"embeddable":true,"href":"https:\/\/santuariodelcorozo.com\/en\/wp-json\/wp\/v2\/comments?post=67"}],"version-history":[{"count":9,"href":"https:\/\/santuariodelcorozo.com\/en\/wp-json\/wp\/v2\/pages\/67\/revisions"}],"predecessor-version":[{"id":24828,"href":"https:\/\/santuariodelcorozo.com\/en\/wp-json\/wp\/v2\/pages\/67\/revisions\/24828"}],"wp:attachment":[{"href":"https:\/\/santuariodelcorozo.com\/en\/wp-json\/wp\/v2\/media?parent=67"}],"curies":[{"name":"wp","href":"https:\/\/api.w.org\/{rel}","templated":true}]}}